{"id":8167,"date":"2022-12-16T13:11:11","date_gmt":"2022-12-16T13:11:11","guid":{"rendered":"https:\/\/mabuko.co.mz\/?post_type=product&#038;p=8167"},"modified":"2023-01-13T12:02:39","modified_gmt":"2023-01-13T12:02:39","slug":"a-magia-dos-versos-das-terras-santas-de-gaza","status":"publish","type":"product","link":"https:\/\/mabuko.co.mz\/site\/?product=a-magia-dos-versos-das-terras-santas-de-gaza","title":{"rendered":"A MAGIA DOS VERSOS (das terras santas de Gaza)"},"content":{"rendered":"<p>H\u00e9lder Manhique<\/p>\n<p>9789898986306<\/p>\n","protected":false},"excerpt":{"rendered":"<p><strong>SINOPSE<\/strong><\/p>\n<p>Dos cora\u00e7\u00f5es absurdamente apaixonados, viventes de um amor fogosamente ardente, indestrut\u00edvel a olho nu, testifica-se a verdadeira &#8220;nandzikatura&#8221; (del\u00edcia) do amor, que transcende imaginariamente a barreira de um poss\u00edvel colapso, uma brilhante e necess\u00e1ria cegueira amorosa, que s\u00f3 perde sentido ou produz espanto quando o sorriso se apaga e se visita o submundo dos resmung\u00f5es de cora\u00e7\u00f5es estilha\u00e7ados, para sempre renunciados ou que tentam perseguir os ponteiros do rel\u00f3gio.<\/p>\n<p>Enquanto isso, a identidade afirma-se como uma for\u00e7a positiva ou negativa do que somos hoje ou do que pretendemos ser. Por isso, \u00e9 uma raz\u00e3o de luta contra as adversidades da vida, com conquistas, frustra\u00e7\u00f5es e questionamentos de um sacrif\u00edcio passado e d\u00favidas de um futuro promissor. Se o presente for o fiel espelho, eventualmente, resta-nos apenas o outro lado da solu\u00e7\u00e3o\u2026<\/p>\n<p><em>A Magia dos Versos<\/em>\u00a0expressa variadas e excitantes facetas da vida, com as quais, de certeza, cada leitor se ir\u00e1 identificar, e possivelmente despertar\u00e1 dentro de si um tornado de sensa\u00e7\u00f5es memor\u00e1veis.<\/p>\n","protected":false},"featured_media":8168,"template":"","meta":{"_monsterinsights_skip_tracking":false,"_monsterinsights_sitenote_active":false,"_monsterinsights_sitenote_note":"","_monsterinsights_sitenote_category":0},"product_cat":[53],"product_tag":[],"class_list":{"0":"post-8167","1":"product","2":"type-product","3":"status-publish","4":"has-post-thumbnail","6":"product_cat-sem-categoria","7":"pa_book-author-helder-manhique","9":"first","10":"outofstock","11":"shipping-taxable","12":"purchasable","13":"product-type-simple"},"_links":{"self":[{"href":"https:\/\/mabuko.co.mz\/site\/index.php?rest_route=\/wp\/v2\/product\/8167","targetHints":{"allow":["GET"]}}],"collection":[{"href":"https:\/\/mabuko.co.mz\/site\/index.php?rest_route=\/wp\/v2\/product"}],"about":[{"href":"https:\/\/mabuko.co.mz\/site\/index.php?rest_route=\/wp\/v2\/types\/product"}],"wp:featuredmedia":[{"embeddable":true,"href":"https:\/\/mabuko.co.mz\/site\/index.php?rest_route=\/wp\/v2\/media\/8168"}],"wp:attachment":[{"href":"https:\/\/mabuko.co.mz\/site\/index.php?rest_route=%2Fwp%2Fv2%2Fmedia&parent=8167"}],"wp:term":[{"taxonomy":"product_cat","embeddable":true,"href":"https:\/\/mabuko.co.mz\/site\/index.php?rest_route=%2Fwp%2Fv2%2Fproduct_cat&post=8167"},{"taxonomy":"product_tag","embeddable":true,"href":"https:\/\/mabuko.co.mz\/site\/index.php?rest_route=%2Fwp%2Fv2%2Fproduct_tag&post=8167"}],"curies":[{"name":"wp","href":"https:\/\/api.w.org\/{rel}","templated":true}]}}