{"id":8166,"date":"2022-12-16T13:05:11","date_gmt":"2022-12-16T13:05:11","guid":{"rendered":"https:\/\/mabuko.co.mz\/?post_type=product&#038;p=8166"},"modified":"2023-01-13T12:08:58","modified_gmt":"2023-01-13T12:08:58","slug":"jose-craveirinha-a-voz-do-nosso-tempo","status":"publish","type":"product","link":"https:\/\/mabuko.co.mz\/site\/?product=jose-craveirinha-a-voz-do-nosso-tempo","title":{"rendered":"JOS\u00c9 CRAVEIRINHA A voz do nosso tempo"},"content":{"rendered":"<p>Jos\u00e9 dos Rem\u00e9dios<\/p>\n<p>9789898901774<\/p>\n","protected":false},"excerpt":{"rendered":"<p><strong>SINOPSE<\/strong><\/p>\n<p>A edi\u00e7\u00e3o deste Jos\u00e9 Craveirinha: a voz do nosso tempo constitui uma forma de reconhecer a capacidade de o poeta pensar o futuro atrav\u00e9s do seu contexto. Porque o autor soube distintamente ser poeta, prender o tempo, a paisagem ideol\u00f3gica e sociocultural mo\u00e7ambicana, voando a partir da\u00ed para os outros lugares do planeta, aqui o lembramos mesmo a prop\u00f3sito dos 100 anos do seu nascimento (28 de Maio de 1922).<\/p>\n","protected":false},"featured_media":8172,"template":"","meta":{"_monsterinsights_skip_tracking":false,"_monsterinsights_sitenote_active":false,"_monsterinsights_sitenote_note":"","_monsterinsights_sitenote_category":0},"product_cat":[319],"product_tag":[],"class_list":{"0":"post-8166","1":"product","2":"type-product","3":"status-publish","4":"has-post-thumbnail","6":"product_cat-literatura-mocambicana","7":"pa_book-author-varios-autores","9":"first","10":"outofstock","11":"shipping-taxable","12":"purchasable","13":"product-type-simple"},"_links":{"self":[{"href":"https:\/\/mabuko.co.mz\/site\/index.php?rest_route=\/wp\/v2\/product\/8166","targetHints":{"allow":["GET"]}}],"collection":[{"href":"https:\/\/mabuko.co.mz\/site\/index.php?rest_route=\/wp\/v2\/product"}],"about":[{"href":"https:\/\/mabuko.co.mz\/site\/index.php?rest_route=\/wp\/v2\/types\/product"}],"wp:featuredmedia":[{"embeddable":true,"href":"https:\/\/mabuko.co.mz\/site\/index.php?rest_route=\/wp\/v2\/media\/8172"}],"wp:attachment":[{"href":"https:\/\/mabuko.co.mz\/site\/index.php?rest_route=%2Fwp%2Fv2%2Fmedia&parent=8166"}],"wp:term":[{"taxonomy":"product_cat","embeddable":true,"href":"https:\/\/mabuko.co.mz\/site\/index.php?rest_route=%2Fwp%2Fv2%2Fproduct_cat&post=8166"},{"taxonomy":"product_tag","embeddable":true,"href":"https:\/\/mabuko.co.mz\/site\/index.php?rest_route=%2Fwp%2Fv2%2Fproduct_tag&post=8166"}],"curies":[{"name":"wp","href":"https:\/\/api.w.org\/{rel}","templated":true}]}}