{"id":8165,"date":"2022-12-16T12:52:15","date_gmt":"2022-12-16T12:52:15","guid":{"rendered":"https:\/\/mabuko.co.mz\/?post_type=product&#038;p=8165"},"modified":"2023-01-13T12:13:36","modified_gmt":"2023-01-13T12:13:36","slug":"intemperies-damor-numa-baia-adormecida","status":"publish","type":"product","link":"https:\/\/mabuko.co.mz\/site\/?product=intemperies-damor-numa-baia-adormecida","title":{"rendered":"INTEMP\u00c9RIES D\u2019AMOR NUMA BA\u00cdA ADORMECIDA"},"content":{"rendered":"<p>Malikezi Wa Tiane<\/p>\n","protected":false},"excerpt":{"rendered":"<ol>\n<li><strong>SINOPSE<\/strong><\/li>\n<\/ol>\n<p>Estas Intemp\u00e9ries d\u2019 Amor que Malikezi Wa Tiane nos apresenta reflectem, por um lado, o esp\u00edrito po\u00e9tico que caracteriza o seu autor. N\u00e3o \u00e9 por acaso que ao percorrer a narrativa, ela flui com a do\u00e7ura com que se l\u00ea\u00a0 um poema e o jogo de palavras estabelece uma harmonia que, combina com a t\u00e9cnica da descri\u00e7\u00e3o, permite captar a aten\u00e7\u00e3o e prender o leitor.<\/p>\n","protected":false},"featured_media":8173,"template":"","meta":{"_monsterinsights_skip_tracking":false,"_monsterinsights_sitenote_active":false,"_monsterinsights_sitenote_note":"","_monsterinsights_sitenote_category":0},"product_cat":[319],"product_tag":[],"class_list":{"0":"post-8165","1":"product","2":"type-product","3":"status-publish","4":"has-post-thumbnail","6":"product_cat-literatura-mocambicana","7":"pa_book-author-malikezi-wa-tiane","9":"first","10":"outofstock","11":"shipping-taxable","12":"purchasable","13":"product-type-simple"},"_links":{"self":[{"href":"https:\/\/mabuko.co.mz\/site\/index.php?rest_route=\/wp\/v2\/product\/8165","targetHints":{"allow":["GET"]}}],"collection":[{"href":"https:\/\/mabuko.co.mz\/site\/index.php?rest_route=\/wp\/v2\/product"}],"about":[{"href":"https:\/\/mabuko.co.mz\/site\/index.php?rest_route=\/wp\/v2\/types\/product"}],"wp:featuredmedia":[{"embeddable":true,"href":"https:\/\/mabuko.co.mz\/site\/index.php?rest_route=\/wp\/v2\/media\/8173"}],"wp:attachment":[{"href":"https:\/\/mabuko.co.mz\/site\/index.php?rest_route=%2Fwp%2Fv2%2Fmedia&parent=8165"}],"wp:term":[{"taxonomy":"product_cat","embeddable":true,"href":"https:\/\/mabuko.co.mz\/site\/index.php?rest_route=%2Fwp%2Fv2%2Fproduct_cat&post=8165"},{"taxonomy":"product_tag","embeddable":true,"href":"https:\/\/mabuko.co.mz\/site\/index.php?rest_route=%2Fwp%2Fv2%2Fproduct_tag&post=8165"}],"curies":[{"name":"wp","href":"https:\/\/api.w.org\/{rel}","templated":true}]}}