{"id":8163,"date":"2022-12-16T12:28:50","date_gmt":"2022-12-16T12:28:50","guid":{"rendered":"https:\/\/mabuko.co.mz\/?post_type=product&#038;p=8163"},"modified":"2023-01-13T12:15:53","modified_gmt":"2023-01-13T12:15:53","slug":"o-amor-que-ha-em-ti","status":"publish","type":"product","link":"https:\/\/mabuko.co.mz\/site\/?product=o-amor-que-ha-em-ti","title":{"rendered":"O AMOR QUE H\u00c1 EM TI"},"content":{"rendered":"<p>Larsan Mendes<\/p>\n<p>9789898901750<\/p>\n","protected":false},"excerpt":{"rendered":"<p><strong>SINOPSE<\/strong><\/p>\n<p>Ana Maria pensou estar a alucinar, o homem que via diante dos seus olhos n\u00e3o podia ser real. Perdera \u00a0a esperan\u00e7a de encontr\u00e1-lo novamente, nem sequer sabia se continuava vivo ou n\u00e3o, tudo o que tinha era seu sil\u00eancio e indiferen\u00e7a ao longo dos anos. Precisou respirar fundo para n\u00e3o desfalecer e apoiou-se na primeira coisa que encontrou na recep\u00e7\u00e3o da Cl\u00ednica Mabungo, fundada por seu amado tio, o cardiologista Alberto Mabungo.<\/p>\n","protected":false},"featured_media":8175,"template":"","meta":{"_monsterinsights_skip_tracking":false,"_monsterinsights_sitenote_active":false,"_monsterinsights_sitenote_note":"","_monsterinsights_sitenote_category":0},"product_cat":[319],"product_tag":[],"class_list":{"0":"post-8163","1":"product","2":"type-product","3":"status-publish","4":"has-post-thumbnail","6":"product_cat-literatura-mocambicana","7":"pa_book-author-larsan-mendes","9":"first","10":"outofstock","11":"shipping-taxable","12":"purchasable","13":"product-type-simple"},"_links":{"self":[{"href":"https:\/\/mabuko.co.mz\/site\/index.php?rest_route=\/wp\/v2\/product\/8163","targetHints":{"allow":["GET"]}}],"collection":[{"href":"https:\/\/mabuko.co.mz\/site\/index.php?rest_route=\/wp\/v2\/product"}],"about":[{"href":"https:\/\/mabuko.co.mz\/site\/index.php?rest_route=\/wp\/v2\/types\/product"}],"wp:featuredmedia":[{"embeddable":true,"href":"https:\/\/mabuko.co.mz\/site\/index.php?rest_route=\/wp\/v2\/media\/8175"}],"wp:attachment":[{"href":"https:\/\/mabuko.co.mz\/site\/index.php?rest_route=%2Fwp%2Fv2%2Fmedia&parent=8163"}],"wp:term":[{"taxonomy":"product_cat","embeddable":true,"href":"https:\/\/mabuko.co.mz\/site\/index.php?rest_route=%2Fwp%2Fv2%2Fproduct_cat&post=8163"},{"taxonomy":"product_tag","embeddable":true,"href":"https:\/\/mabuko.co.mz\/site\/index.php?rest_route=%2Fwp%2Fv2%2Fproduct_tag&post=8163"}],"curies":[{"name":"wp","href":"https:\/\/api.w.org\/{rel}","templated":true}]}}