{"id":8162,"date":"2022-12-16T12:16:20","date_gmt":"2022-12-16T12:16:20","guid":{"rendered":"https:\/\/mabuko.co.mz\/?post_type=product&#038;p=8162"},"modified":"2023-01-13T12:17:37","modified_gmt":"2023-01-13T12:17:37","slug":"didactica-leitura-e-escrita","status":"publish","type":"product","link":"https:\/\/mabuko.co.mz\/site\/?product=didactica-leitura-e-escrita","title":{"rendered":"DID\u00c1CTICA Leitura e escrita"},"content":{"rendered":"<p>Nobre Roque dos Santos<\/p>\n<p>Martins JC-Mapera<\/p>\n","protected":false},"excerpt":{"rendered":"<p><strong>SINOPSE<\/strong><\/p>\n<p>O livro est\u00e1 estruturado em duas grandes \u00e1reas de conte\u00fados: a \u00e1rea da leitura, na qual s\u00e3o desenvolvidos os conceitos fundamentais na perspectiva do texto e na perspectiva do leitor, o que permitiu a formula\u00e7\u00e3o de uma discuss\u00e3o dos dados do texto descritivo sobre o Ensino-Aprendizagem da leitura; a \u00e1rea da escrita do texto descritivo, baseada numa pesquisa de campo sobre o comportamento do aluno na actividade de produ\u00e7\u00e3o textual, tendo em conta o curr\u00edculo\u00a0 e os manuais escolares 10<u><sup>a<\/sup><\/u> classe do Ensino Secund\u00e1rio Geral. Como facilmente se v\u00ea, as duas \u00e1reas partilham um elemento comum que assegura a vitalidade dos mecanismos ancilares processo de Ensino-Aprendizagem da l\u00edngua portuguesa, o texto.<\/p>\n","protected":false},"featured_media":8176,"template":"","meta":{"_monsterinsights_skip_tracking":false,"_monsterinsights_sitenote_active":false,"_monsterinsights_sitenote_note":"","_monsterinsights_sitenote_category":0},"product_cat":[102],"product_tag":[],"class_list":{"0":"post-8162","1":"product","2":"type-product","3":"status-publish","4":"has-post-thumbnail","6":"product_cat-livros-tecnicos","7":"pa_book-author-nobre-roque-dos-santos","9":"first","10":"outofstock","11":"shipping-taxable","12":"purchasable","13":"product-type-simple"},"_links":{"self":[{"href":"https:\/\/mabuko.co.mz\/site\/index.php?rest_route=\/wp\/v2\/product\/8162","targetHints":{"allow":["GET"]}}],"collection":[{"href":"https:\/\/mabuko.co.mz\/site\/index.php?rest_route=\/wp\/v2\/product"}],"about":[{"href":"https:\/\/mabuko.co.mz\/site\/index.php?rest_route=\/wp\/v2\/types\/product"}],"wp:featuredmedia":[{"embeddable":true,"href":"https:\/\/mabuko.co.mz\/site\/index.php?rest_route=\/wp\/v2\/media\/8176"}],"wp:attachment":[{"href":"https:\/\/mabuko.co.mz\/site\/index.php?rest_route=%2Fwp%2Fv2%2Fmedia&parent=8162"}],"wp:term":[{"taxonomy":"product_cat","embeddable":true,"href":"https:\/\/mabuko.co.mz\/site\/index.php?rest_route=%2Fwp%2Fv2%2Fproduct_cat&post=8162"},{"taxonomy":"product_tag","embeddable":true,"href":"https:\/\/mabuko.co.mz\/site\/index.php?rest_route=%2Fwp%2Fv2%2Fproduct_tag&post=8162"}],"curies":[{"name":"wp","href":"https:\/\/api.w.org\/{rel}","templated":true}]}}