{"id":8161,"date":"2022-12-16T11:50:07","date_gmt":"2022-12-16T11:50:07","guid":{"rendered":"https:\/\/mabuko.co.mz\/?post_type=product&#038;p=8161"},"modified":"2025-06-03T07:51:49","modified_gmt":"2025-06-03T07:51:49","slug":"lipondo-terapia-surda","status":"publish","type":"product","link":"https:\/\/mabuko.co.mz\/site\/?product=lipondo-terapia-surda","title":{"rendered":"LIPONDO- Terapia Surda"},"content":{"rendered":"<p>Dora Chipande<\/p>\n<p>9789896701703<\/p>\n","protected":false},"excerpt":{"rendered":"<p><strong>SINOPSE<\/strong><\/p>\n<p><strong>\u201c<\/strong>Ouvimos sempre falar sobe a coragem de quem fala, e tampouco de quem ouve. Este \u00faltimo carrega a responsabilidade emocional e os resqu\u00edcios da dor do outro. \u00c9 um acto sublime de empatia e coragem.&#8221;<\/p>\n","protected":false},"featured_media":8178,"template":"","meta":{"_monsterinsights_skip_tracking":false,"_monsterinsights_sitenote_active":false,"_monsterinsights_sitenote_note":"","_monsterinsights_sitenote_category":0},"product_cat":[319],"product_tag":[],"class_list":{"0":"post-8161","1":"product","2":"type-product","3":"status-publish","4":"has-post-thumbnail","6":"product_cat-literatura-mocambicana","7":"pa_book-author-dora-chipande","9":"first","10":"instock","11":"shipping-taxable","12":"purchasable","13":"product-type-simple"},"_links":{"self":[{"href":"https:\/\/mabuko.co.mz\/site\/index.php?rest_route=\/wp\/v2\/product\/8161","targetHints":{"allow":["GET"]}}],"collection":[{"href":"https:\/\/mabuko.co.mz\/site\/index.php?rest_route=\/wp\/v2\/product"}],"about":[{"href":"https:\/\/mabuko.co.mz\/site\/index.php?rest_route=\/wp\/v2\/types\/product"}],"wp:featuredmedia":[{"embeddable":true,"href":"https:\/\/mabuko.co.mz\/site\/index.php?rest_route=\/wp\/v2\/media\/8178"}],"wp:attachment":[{"href":"https:\/\/mabuko.co.mz\/site\/index.php?rest_route=%2Fwp%2Fv2%2Fmedia&parent=8161"}],"wp:term":[{"taxonomy":"product_cat","embeddable":true,"href":"https:\/\/mabuko.co.mz\/site\/index.php?rest_route=%2Fwp%2Fv2%2Fproduct_cat&post=8161"},{"taxonomy":"product_tag","embeddable":true,"href":"https:\/\/mabuko.co.mz\/site\/index.php?rest_route=%2Fwp%2Fv2%2Fproduct_tag&post=8161"}],"curies":[{"name":"wp","href":"https:\/\/api.w.org\/{rel}","templated":true}]}}