{"id":8160,"date":"2022-12-16T11:41:39","date_gmt":"2022-12-16T11:41:39","guid":{"rendered":"https:\/\/mabuko.co.mz\/?post_type=product&#038;p=8160"},"modified":"2023-01-13T12:24:15","modified_gmt":"2023-01-13T12:24:15","slug":"a-rapariga-sem-reflexo","status":"publish","type":"product","link":"https:\/\/mabuko.co.mz\/site\/?product=a-rapariga-sem-reflexo","title":{"rendered":"A RAPARIGA SEM REFLEXO"},"content":{"rendered":"<p>Cl\u00e9via Guivala<\/p>\n<p>9789898901743<\/p>\n","protected":false},"excerpt":{"rendered":"<p><strong>SINOPSE<\/strong><\/p>\n<p>Este livro \u00e9 baseado numa hist\u00f3ria real, onde s\u00e3o conservadas as mem\u00f3rias e as experi\u00eancias de uma parte da vida no momento em que tudo se comp\u00f5e como deve ser. Assim como n\u00e3o sabemos qual \u00e9 o caminho do vento, tamb\u00e9m n\u00e3o sabemos que obras o majestoso tem para n\u00f3s.<\/p>\n","protected":false},"featured_media":8179,"template":"","meta":{"_monsterinsights_skip_tracking":false,"_monsterinsights_sitenote_active":false,"_monsterinsights_sitenote_note":"","_monsterinsights_sitenote_category":0},"product_cat":[319],"product_tag":[],"class_list":{"0":"post-8160","1":"product","2":"type-product","3":"status-publish","4":"has-post-thumbnail","6":"product_cat-literatura-mocambicana","7":"pa_book-author-clevia-guivala","9":"first","10":"outofstock","11":"shipping-taxable","12":"purchasable","13":"product-type-simple"},"_links":{"self":[{"href":"https:\/\/mabuko.co.mz\/site\/index.php?rest_route=\/wp\/v2\/product\/8160","targetHints":{"allow":["GET"]}}],"collection":[{"href":"https:\/\/mabuko.co.mz\/site\/index.php?rest_route=\/wp\/v2\/product"}],"about":[{"href":"https:\/\/mabuko.co.mz\/site\/index.php?rest_route=\/wp\/v2\/types\/product"}],"wp:featuredmedia":[{"embeddable":true,"href":"https:\/\/mabuko.co.mz\/site\/index.php?rest_route=\/wp\/v2\/media\/8179"}],"wp:attachment":[{"href":"https:\/\/mabuko.co.mz\/site\/index.php?rest_route=%2Fwp%2Fv2%2Fmedia&parent=8160"}],"wp:term":[{"taxonomy":"product_cat","embeddable":true,"href":"https:\/\/mabuko.co.mz\/site\/index.php?rest_route=%2Fwp%2Fv2%2Fproduct_cat&post=8160"},{"taxonomy":"product_tag","embeddable":true,"href":"https:\/\/mabuko.co.mz\/site\/index.php?rest_route=%2Fwp%2Fv2%2Fproduct_tag&post=8160"}],"curies":[{"name":"wp","href":"https:\/\/api.w.org\/{rel}","templated":true}]}}