{"id":8158,"date":"2022-12-16T09:21:49","date_gmt":"2022-12-16T09:21:49","guid":{"rendered":"https:\/\/mabuko.co.mz\/?post_type=product&#038;p=8158"},"modified":"2023-01-13T12:26:11","modified_gmt":"2023-01-13T12:26:11","slug":"memorias-do-idai","status":"publish","type":"product","link":"https:\/\/mabuko.co.mz\/site\/?product=memorias-do-idai","title":{"rendered":"MEM\u00d3RIAS DO IDAI"},"content":{"rendered":"<p>Dany Wambire<\/p>\n<p>9789898901217<\/p>\n","protected":false},"excerpt":{"rendered":"<p><strong>SINOPSE<\/strong><\/p>\n<p>\u00abDa colect\u00e2nea de textos, fica a posteridade o custo social imposto por esta (natural) calamidade, mas s\u00f3 como a arte pode aflorar, n\u00e3o deixa de ser n\u00f3tavel como os desastres cram vazios superiores \u00e0 materialidade da ajuda que, geralmente, se mobiliza.\u00bb<\/p>\n<p style=\"text-align: right;\">Manuel Mutimucuio<\/p>\n<p>\u00abN\u00e3o h\u00e1 bem sem mistura de mal, nem mal sem mistura de bem. E estes noosos benem\u00e9ritos escritores obrigaram o Idai a produzir bem, que pesa mais do que v\u00e1rios dos males, que ele nos produziu e deixou. Obrigado o Mal a produzir o Bem \u00e9 um poder divino que o Homem tem. \u00bb<\/p>\n<p style=\"text-align: right;\">P.Manuel Ferreira S.L<\/p>\n<p>\u00abMwm\u00f3rias do Idai destaca-se pela multiplicidade estil\u00edstica que ganha corpo e voz no desenvolvimento fragment\u00e1rio da realidade ca\u00f3tica que configura o substrato da experi\u00eancia (in)diz\u00edvel dos que sobreviveram ao tempo col\u00e9rico da natureza. \u00bb<\/p>\n<p style=\"text-align: right;\">Crist\u00f3v\u00e3o Seneta<\/p>\n","protected":false},"featured_media":8181,"template":"","meta":{"_monsterinsights_skip_tracking":false,"_monsterinsights_sitenote_active":false,"_monsterinsights_sitenote_note":"","_monsterinsights_sitenote_category":0},"product_cat":[178],"product_tag":[],"class_list":{"0":"post-8158","1":"product","2":"type-product","3":"status-publish","4":"has-post-thumbnail","6":"product_cat-cronicas","7":"pa_book-author-varios-autores","9":"first","10":"outofstock","11":"shipping-taxable","12":"purchasable","13":"product-type-simple"},"_links":{"self":[{"href":"https:\/\/mabuko.co.mz\/site\/index.php?rest_route=\/wp\/v2\/product\/8158","targetHints":{"allow":["GET"]}}],"collection":[{"href":"https:\/\/mabuko.co.mz\/site\/index.php?rest_route=\/wp\/v2\/product"}],"about":[{"href":"https:\/\/mabuko.co.mz\/site\/index.php?rest_route=\/wp\/v2\/types\/product"}],"wp:featuredmedia":[{"embeddable":true,"href":"https:\/\/mabuko.co.mz\/site\/index.php?rest_route=\/wp\/v2\/media\/8181"}],"wp:attachment":[{"href":"https:\/\/mabuko.co.mz\/site\/index.php?rest_route=%2Fwp%2Fv2%2Fmedia&parent=8158"}],"wp:term":[{"taxonomy":"product_cat","embeddable":true,"href":"https:\/\/mabuko.co.mz\/site\/index.php?rest_route=%2Fwp%2Fv2%2Fproduct_cat&post=8158"},{"taxonomy":"product_tag","embeddable":true,"href":"https:\/\/mabuko.co.mz\/site\/index.php?rest_route=%2Fwp%2Fv2%2Fproduct_tag&post=8158"}],"curies":[{"name":"wp","href":"https:\/\/api.w.org\/{rel}","templated":true}]}}