{"id":8146,"date":"2022-12-15T13:57:31","date_gmt":"2022-12-15T13:57:31","guid":{"rendered":"https:\/\/mabuko.co.mz\/?post_type=product&#038;p=8146"},"modified":"2024-12-17T08:24:38","modified_gmt":"2024-12-17T08:24:38","slug":"de-sonho-em-sonho","status":"publish","type":"product","link":"https:\/\/mabuko.co.mz\/site\/?product=de-sonho-em-sonho","title":{"rendered":"DE SONHO EM SONHO&#8230;"},"content":{"rendered":"<p>Jo\u00e3o Schwalbach<\/p>\n<p>9789898960054<\/p>\n","protected":false},"excerpt":{"rendered":"<p><strong>SINOPSE<\/strong><\/p>\n<p>\u00abPodemos, em termos te\u00f3ricos, considerar esta obra como livro de mem\u00f3rias. Mas o seu conte\u00fado transporta-nos, igualmente, para viv\u00eancias mais colectivas pelas quais muitos de n\u00f3s pass\u00e1mos, por uma hist\u00f3ria de vida que vai para al\u00e9m de uma individualiza\u00e7\u00e3o, de uma egohist\u00f3ria, pois passa por uma estrada mais larga, por uma narrativa que se preocupou tamb\u00e9m por contar factos mais conhecidos por uns e menos por outros, por dar rosto e voz a figuras pouco badaladas mas que impulsionaram o desenvolvimento\u00bb<\/p>\n<p>Calane da Silva<\/p>\n","protected":false},"featured_media":8155,"template":"","meta":{"_monsterinsights_skip_tracking":false,"_monsterinsights_sitenote_active":false,"_monsterinsights_sitenote_note":"","_monsterinsights_sitenote_category":0},"product_cat":[319],"product_tag":[],"class_list":{"0":"post-8146","1":"product","2":"type-product","3":"status-publish","4":"has-post-thumbnail","6":"product_cat-literatura-mocambicana","7":"pa_book-author-joao-schwalbach","9":"first","10":"instock","11":"shipping-taxable","12":"purchasable","13":"product-type-simple"},"_links":{"self":[{"href":"https:\/\/mabuko.co.mz\/site\/index.php?rest_route=\/wp\/v2\/product\/8146","targetHints":{"allow":["GET"]}}],"collection":[{"href":"https:\/\/mabuko.co.mz\/site\/index.php?rest_route=\/wp\/v2\/product"}],"about":[{"href":"https:\/\/mabuko.co.mz\/site\/index.php?rest_route=\/wp\/v2\/types\/product"}],"wp:featuredmedia":[{"embeddable":true,"href":"https:\/\/mabuko.co.mz\/site\/index.php?rest_route=\/wp\/v2\/media\/8155"}],"wp:attachment":[{"href":"https:\/\/mabuko.co.mz\/site\/index.php?rest_route=%2Fwp%2Fv2%2Fmedia&parent=8146"}],"wp:term":[{"taxonomy":"product_cat","embeddable":true,"href":"https:\/\/mabuko.co.mz\/site\/index.php?rest_route=%2Fwp%2Fv2%2Fproduct_cat&post=8146"},{"taxonomy":"product_tag","embeddable":true,"href":"https:\/\/mabuko.co.mz\/site\/index.php?rest_route=%2Fwp%2Fv2%2Fproduct_tag&post=8146"}],"curies":[{"name":"wp","href":"https:\/\/api.w.org\/{rel}","templated":true}]}}