{"id":8145,"date":"2022-12-15T13:40:10","date_gmt":"2022-12-15T13:40:10","guid":{"rendered":"https:\/\/mabuko.co.mz\/?post_type=product&#038;p=8145"},"modified":"2023-01-13T12:34:48","modified_gmt":"2023-01-13T12:34:48","slug":"protagonistas-da-luta-de-libertacao-nacional","status":"publish","type":"product","link":"https:\/\/mabuko.co.mz\/site\/?product=protagonistas-da-luta-de-libertacao-nacional","title":{"rendered":"PROTAGONISTAS DA LUTA DE LIBERTA\u00c7\u00c3O NACIONAL"},"content":{"rendered":"<ol>\n<li>Ana Bouene Mussanhane<\/li>\n<\/ol>\n<p>9789899746367<\/p>\n","protected":false},"excerpt":{"rendered":"<p><strong>SINOPSE<\/strong><\/p>\n<p><strong>Protagonistas da Luta de Liberta\u00e7\u00e3o Nacional<\/strong><\/p>\n<p>Abner Sans\u00e3o Muthemba<\/p>\n<p>Albertina Makata<\/p>\n<p>Alberto Chipande<\/p>\n<p>Albino Magaia<\/p>\n<p>Am\u00f3s Mahanjane<\/p>\n<p>Andr\u00e9 Manjoro Nkuna<\/p>\n<p>Ant\u00f3nio Chalangache<\/p>\n<p>Ant\u00f3nio Bravo Dalepa<\/p>\n<p>Aur\u00e9lio Bucuane<\/p>\n<p>Bacar \u00a0Matope<\/p>\n<p>Bernardo Goy-Goy<\/p>\n<p>Bonif\u00e1cio Gruveta<\/p>\n<p>C\u00e2ndido Mondlane<\/p>\n<p>Daniel Polela<\/p>\n<p>Eduardo da Silva Nihia<\/p>\n<p>Ernesto Cuvelo<\/p>\n<p>Feleciano Gundana<\/p>\n<p>Herculano Rajabo Mahomed<\/p>\n<p>Jo\u00e3o Facileta Pelembe<\/p>\n<p>Jo\u00e3o Mungwambe<\/p>\n<p>Joaquim Dai<\/p>\n<p>Joaquim de Carvalho<\/p>\n<p>Jorge Nhassengo<\/p>\n<p>Jos\u00e9 Ant\u00f3nio Cha\u00fama (Chulu)<\/p>\n<p>Jos\u00e9 Moyane<\/p>\n<p>Juliana Ntumbate<\/p>\n<p>Justino Mukali<\/p>\n<p>Juven\u00e1lia Muthemba<\/p>\n<p>Lina Magaia<\/p>\n<p>Maria da Luz Dai Guebuza<\/p>\n<p>Maria de Fatima Pelembe<\/p>\n<p>Mariano Matsinha<\/p>\n<p>Mariana Pachinapua<\/p>\n<p>M\u00e1rio Ndumucha<\/p>\n<p>Martins Pandimbe Lula<\/p>\n<p>Milagre Mazuze<\/p>\n<p>Osvaldo Tazama<\/p>\n<p>Paulina Mateus<\/p>\n<p>Sal\u00e9sio Nalyambipano<\/p>\n<p>Teresa Amule<\/p>\n<p>Teresa Anaiva<\/p>\n<p>Valeriano Ferr\u00e3o<\/p>\n","protected":false},"featured_media":8156,"template":"","meta":{"_monsterinsights_skip_tracking":false,"_monsterinsights_sitenote_active":false,"_monsterinsights_sitenote_note":"","_monsterinsights_sitenote_category":0},"product_cat":[319],"product_tag":[],"class_list":{"0":"post-8145","1":"product","2":"type-product","3":"status-publish","4":"has-post-thumbnail","6":"product_cat-literatura-mocambicana","7":"pa_book-author-ana-bouene-mussanhane","9":"first","10":"outofstock","11":"shipping-taxable","12":"purchasable","13":"product-type-simple"},"_links":{"self":[{"href":"https:\/\/mabuko.co.mz\/site\/index.php?rest_route=\/wp\/v2\/product\/8145","targetHints":{"allow":["GET"]}}],"collection":[{"href":"https:\/\/mabuko.co.mz\/site\/index.php?rest_route=\/wp\/v2\/product"}],"about":[{"href":"https:\/\/mabuko.co.mz\/site\/index.php?rest_route=\/wp\/v2\/types\/product"}],"wp:featuredmedia":[{"embeddable":true,"href":"https:\/\/mabuko.co.mz\/site\/index.php?rest_route=\/wp\/v2\/media\/8156"}],"wp:attachment":[{"href":"https:\/\/mabuko.co.mz\/site\/index.php?rest_route=%2Fwp%2Fv2%2Fmedia&parent=8145"}],"wp:term":[{"taxonomy":"product_cat","embeddable":true,"href":"https:\/\/mabuko.co.mz\/site\/index.php?rest_route=%2Fwp%2Fv2%2Fproduct_cat&post=8145"},{"taxonomy":"product_tag","embeddable":true,"href":"https:\/\/mabuko.co.mz\/site\/index.php?rest_route=%2Fwp%2Fv2%2Fproduct_tag&post=8145"}],"curies":[{"name":"wp","href":"https:\/\/api.w.org\/{rel}","templated":true}]}}