{"id":8133,"date":"2022-12-13T13:14:57","date_gmt":"2022-12-13T13:14:57","guid":{"rendered":"https:\/\/mabuko.co.mz\/?post_type=product&#038;p=8133"},"modified":"2023-01-13T12:35:39","modified_gmt":"2023-01-13T12:35:39","slug":"zedequias-manganhela","status":"publish","type":"product","link":"https:\/\/mabuko.co.mz\/site\/?product=zedequias-manganhela","title":{"rendered":"ZEDEQUIAS MANGANHELA"},"content":{"rendered":"<p>Teresa Cruz e Sllva<\/p>\n<p>9789899861930<\/p>\n","protected":false},"excerpt":{"rendered":"<p><strong>SINOPSE<\/strong><\/p>\n<p>O subt\u00edtulo deste livro anuncia o seu prop\u00f3sito: uma biografia contextualizada [&#8230;]. Munida dos materiais obtidos e deste esp\u00edrito metodologicamente vigilante, a autora foi pois construindo pacientemente o perfil de Zedequias Manganhela [&#8230;]. De todo este labor resulta um retrato rigoroso, feito de luz e sombra, de uma figura profundamente humana [&#8230;]. Um homem verdadeiro e de grande integridade, moderno, que dedicou a vida a cultivar valores e tamb\u00e9m as gera\u00e7\u00f5es do futuro.<\/p>\n<p>Mais do que isso, este volume lan\u00e7a um interessante olhar sobre sessenta anos importantes da hist\u00f3ria contempor\u00e2nea de Mo\u00e7ambique.<\/p>\n","protected":false},"featured_media":8135,"template":"","meta":{"_monsterinsights_skip_tracking":false,"_monsterinsights_sitenote_active":false,"_monsterinsights_sitenote_note":"","_monsterinsights_sitenote_category":0},"product_cat":[319],"product_tag":[],"class_list":{"0":"post-8133","1":"product","2":"type-product","3":"status-publish","4":"has-post-thumbnail","6":"product_cat-literatura-mocambicana","7":"pa_book-author-tereza-cruz-e-silva","9":"first","10":"outofstock","11":"shipping-taxable","12":"purchasable","13":"product-type-simple"},"_links":{"self":[{"href":"https:\/\/mabuko.co.mz\/site\/index.php?rest_route=\/wp\/v2\/product\/8133","targetHints":{"allow":["GET"]}}],"collection":[{"href":"https:\/\/mabuko.co.mz\/site\/index.php?rest_route=\/wp\/v2\/product"}],"about":[{"href":"https:\/\/mabuko.co.mz\/site\/index.php?rest_route=\/wp\/v2\/types\/product"}],"wp:featuredmedia":[{"embeddable":true,"href":"https:\/\/mabuko.co.mz\/site\/index.php?rest_route=\/wp\/v2\/media\/8135"}],"wp:attachment":[{"href":"https:\/\/mabuko.co.mz\/site\/index.php?rest_route=%2Fwp%2Fv2%2Fmedia&parent=8133"}],"wp:term":[{"taxonomy":"product_cat","embeddable":true,"href":"https:\/\/mabuko.co.mz\/site\/index.php?rest_route=%2Fwp%2Fv2%2Fproduct_cat&post=8133"},{"taxonomy":"product_tag","embeddable":true,"href":"https:\/\/mabuko.co.mz\/site\/index.php?rest_route=%2Fwp%2Fv2%2Fproduct_tag&post=8133"}],"curies":[{"name":"wp","href":"https:\/\/api.w.org\/{rel}","templated":true}]}}