{"id":8103,"date":"2022-12-08T14:09:39","date_gmt":"2022-12-08T14:09:39","guid":{"rendered":"https:\/\/mabuko.co.mz\/?post_type=product&#038;p=8103"},"modified":"2023-01-13T09:51:41","modified_gmt":"2023-01-13T09:51:41","slug":"miraculous-world-as-aventuras-de-ladybug-2","status":"publish","type":"product","link":"https:\/\/mabuko.co.mz\/site\/?product=miraculous-world-as-aventuras-de-ladybug-2","title":{"rendered":"MIRACULOUS WORLD: AS AVENTURAS DE LADYBUG"},"content":{"rendered":"<p>Xangai &#8211; Di\u00e1rio da Marinette sobre a lenda da Ladydrag\u00e3o<\/p>\n<p>9789895647583<\/p>\n","protected":false},"excerpt":{"rendered":"<p><strong>SINOPSE<\/strong><\/p>\n<p>Descobre tudo sobre a lenda da Ladydrag\u00e3o neste di\u00e1rio secreto da Marinette!<\/p>\n<p>As maravilhosas f\u00e9rias de ver\u00e3o que a Marinette planeava sofrem um contratempo quando descobre que o Adrien foi para Xangai. Com um empurr\u00e3ozinho do destino e alguma imagina\u00e7\u00e3o, tamb\u00e9m ela arranja maneira de viajar para Xangai!<\/p>\n<p>Mas o que deveria ser uma espl\u00eandida (e rom\u00e2ntica!) estadia nesta magn\u00edfica cidade transforma-se numa aventura perigosa e emocionante, onde tem como parceira inesperada a poderosa Ladydrag\u00e3o.<\/p>\n","protected":false},"featured_media":8104,"template":"","meta":{"_monsterinsights_skip_tracking":false,"_monsterinsights_sitenote_active":false,"_monsterinsights_sitenote_note":"","_monsterinsights_sitenote_category":0},"product_cat":[135],"product_tag":[],"class_list":{"0":"post-8103","1":"product","2":"type-product","3":"status-publish","4":"has-post-thumbnail","6":"product_cat-infantil","8":"first","9":"outofstock","10":"shipping-taxable","11":"purchasable","12":"product-type-simple"},"_links":{"self":[{"href":"https:\/\/mabuko.co.mz\/site\/index.php?rest_route=\/wp\/v2\/product\/8103","targetHints":{"allow":["GET"]}}],"collection":[{"href":"https:\/\/mabuko.co.mz\/site\/index.php?rest_route=\/wp\/v2\/product"}],"about":[{"href":"https:\/\/mabuko.co.mz\/site\/index.php?rest_route=\/wp\/v2\/types\/product"}],"wp:featuredmedia":[{"embeddable":true,"href":"https:\/\/mabuko.co.mz\/site\/index.php?rest_route=\/wp\/v2\/media\/8104"}],"wp:attachment":[{"href":"https:\/\/mabuko.co.mz\/site\/index.php?rest_route=%2Fwp%2Fv2%2Fmedia&parent=8103"}],"wp:term":[{"taxonomy":"product_cat","embeddable":true,"href":"https:\/\/mabuko.co.mz\/site\/index.php?rest_route=%2Fwp%2Fv2%2Fproduct_cat&post=8103"},{"taxonomy":"product_tag","embeddable":true,"href":"https:\/\/mabuko.co.mz\/site\/index.php?rest_route=%2Fwp%2Fv2%2Fproduct_tag&post=8103"}],"curies":[{"name":"wp","href":"https:\/\/api.w.org\/{rel}","templated":true}]}}