{"id":8093,"date":"2022-12-07T13:56:07","date_gmt":"2022-12-07T13:56:07","guid":{"rendered":"https:\/\/mabuko.co.mz\/?post_type=product&#038;p=8093"},"modified":"2023-02-14T12:47:44","modified_gmt":"2023-02-14T12:47:44","slug":"louco-fabuloso-e-insubmisso","status":"publish","type":"product","link":"https:\/\/mabuko.co.mz\/site\/?product=louco-fabuloso-e-insubmisso","title":{"rendered":"LOUCO, FABULOSO E INSUBMISSO"},"content":{"rendered":"<p>Benjamim Pedro jo\u00e3o<\/p>\n<p>&nbsp;<\/p>\n","protected":false},"excerpt":{"rendered":"<p><strong>SINOPSE<\/strong><\/p>\n<p>A vida \u00e9 uma coisa incerta, eu sei.Hoje, isso eu sei mais do que ningu\u00e9m; eu n\u00e3o posso mais me iludir acerca desse axioma. A vida n\u00e3o \u00e9 uma cisa f\u00e1cil de mastigar. N\u00f3s pr\u00f3prios \u00e9 que nos induzimos \u00e0 tenta\u00e7\u00e3o, perdemos a rota para ela, ficando cada vez mais indefesos.<\/p>\n<p>Por\u00e9m, sei, mais do que ningu\u00e9m, que eu tentei viv\u00ea-la da minha maneira, transportar o seu ser-fardo em ser-sonho, poucos sabem o que significa isso!<\/p>\n<p>Eu, que me acostumei, ultimamente, \u00e0 vida de solid\u00e3o- a imagem de homem-subterr\u00e2neo, coagulado de frio das muralhas, acostumei-me \u00e0 dor e a dor n\u00e3o me fez mais nenhuma mossa.<\/p>\n<p>Meu pai H Vicente, na inf\u00e2ncia, sempre me dizia. \u201c N\u00e3o sonhes demais, Nino, os sonhos fazem mal\u201d, recusei ouvir seus conselhos, fechei-me e me transformei fundado uma base de vida com alicerces de bal\u00f5es azuis, e aqui estou.<\/p>\n<p>Eu n\u00e3o sou algo que valha; perdi o sentido da validade das\u00a0 coisas, pois a import\u00e2ncia delas j\u00e1 nada me diz. Fabriquei uma coura\u00e7a fr\u00e1gil \u00e0 minha volta que me sustenta.<\/p>\n<p>Eu vivi diversos momentos da vida, mais que ningu\u00e9m, conheci a fragilidade do corpo e da alma; pela fome; experimentei a turbul\u00eancia da paix\u00e3o que criou c\u00e1psulas doidas dentro de mim. As l\u00e1grimas paradoxais, a escravid\u00e3o da mentira, a sedu\u00e7\u00e3o, a mentira, s\u00e3o como o meu p\u00e3o de dia a dia; a ruptura da minha fam\u00edlia foi como o colapso duma na\u00e7\u00e3o vencida, isso doeu-me mais que todas as dores.<\/p>\n<p>Depois vivi o pais de sete pecados, e at\u00e9, finalmente, escapar ileso do \u201camor dormido\u201d.<\/p>\n","protected":false},"featured_media":0,"template":"","meta":{"_monsterinsights_skip_tracking":false,"_monsterinsights_sitenote_active":false,"_monsterinsights_sitenote_note":"","_monsterinsights_sitenote_category":0},"product_cat":[319],"product_tag":[],"class_list":{"0":"post-8093","1":"product","2":"type-product","3":"status-publish","5":"product_cat-literatura-mocambicana","6":"pa_book-author-benjamim-pedro-joao","8":"first","9":"outofstock","10":"shipping-taxable","11":"purchasable","12":"product-type-simple"},"_links":{"self":[{"href":"https:\/\/mabuko.co.mz\/site\/index.php?rest_route=\/wp\/v2\/product\/8093","targetHints":{"allow":["GET"]}}],"collection":[{"href":"https:\/\/mabuko.co.mz\/site\/index.php?rest_route=\/wp\/v2\/product"}],"about":[{"href":"https:\/\/mabuko.co.mz\/site\/index.php?rest_route=\/wp\/v2\/types\/product"}],"wp:attachment":[{"href":"https:\/\/mabuko.co.mz\/site\/index.php?rest_route=%2Fwp%2Fv2%2Fmedia&parent=8093"}],"wp:term":[{"taxonomy":"product_cat","embeddable":true,"href":"https:\/\/mabuko.co.mz\/site\/index.php?rest_route=%2Fwp%2Fv2%2Fproduct_cat&post=8093"},{"taxonomy":"product_tag","embeddable":true,"href":"https:\/\/mabuko.co.mz\/site\/index.php?rest_route=%2Fwp%2Fv2%2Fproduct_tag&post=8093"}],"curies":[{"name":"wp","href":"https:\/\/api.w.org\/{rel}","templated":true}]}}