{"id":8081,"date":"2022-12-06T11:58:11","date_gmt":"2022-12-06T11:58:11","guid":{"rendered":"https:\/\/mabuko.co.mz\/?post_type=product&#038;p=8081"},"modified":"2023-01-13T09:57:24","modified_gmt":"2023-01-13T09:57:24","slug":"nem-um-tostao-a-mais-nem-um-tostao-a-menos","status":"publish","type":"product","link":"https:\/\/mabuko.co.mz\/site\/?product=nem-um-tostao-a-mais-nem-um-tostao-a-menos","title":{"rendered":"NEM UM TOST\u00c3O A MAIS, NEM UM TOST\u00c3O A MENOS"},"content":{"rendered":"<p>Jeffrey Archer<\/p>\n<p>9789722539791<\/p>\n","protected":false},"excerpt":{"rendered":"<p><strong>SINOPSE<\/strong><\/p>\n<p>Entram em cena os burlados: um professor de Oxford, um m\u00e9dico de sociedade profundamente respeitado, um coleccionador de arte franc\u00eas, cuja eleg\u00e2ncia \u00e9 um cart\u00e3o de visita, um carism\u00e1tico lorde ingl\u00eas. Todos t\u00eam uma coisa em comum: de um dia para o outro, cada um destes rec\u00e9m-investidores perdeu a fortuna de uma vida para um \u00fanico homem. Entra em cena o burl\u00e3o: Harvey Metcalfe, o mais brilhante de todos os mestres do logro, um sujeito verdadeiramente perigoso. E, agora, um homem acossado. Com nada mais a perder, estes quatro indiv\u00edduos est\u00e3o prestes a unir esfor\u00e7os &#8211; cada um deles h\u00e1bil na sua pr\u00f3pria arte. O plano: encontrar Metcalfe, vigi\u00e1-lo bem de perto, enred\u00e1-lo num dos seus ardis e extorqui-lo at\u00e9 ao \u00faltimo tost\u00e3o.<br \/>\nDesde os luxuosos casinos de Monte Carlo, passando pelas apostas de alto risco nas corridas de cavalos de Ascot, os mais movimentados corredores de Wall Street ou as galerias de Londres absolutamente imprescind\u00edveis, o engenhoso jogo destes quatro mosqueteiros acaba de come\u00e7ar. Tem um nome que todos conhecemos &#8211; vingan\u00e7a &#8211; e foi um mestre quem lhes ensinou a primeira li\u00e7\u00e3o.<\/p>\n","protected":false},"featured_media":8083,"template":"","meta":{"_monsterinsights_skip_tracking":false,"_monsterinsights_sitenote_active":false,"_monsterinsights_sitenote_note":"","_monsterinsights_sitenote_category":0},"product_cat":[103],"product_tag":[],"class_list":{"0":"post-8081","1":"product","2":"type-product","3":"status-publish","4":"has-post-thumbnail","6":"product_cat-literatura","7":"pa_book-author-jeffrey-archer","9":"first","10":"outofstock","11":"shipping-taxable","12":"purchasable","13":"product-type-simple"},"_links":{"self":[{"href":"https:\/\/mabuko.co.mz\/site\/index.php?rest_route=\/wp\/v2\/product\/8081","targetHints":{"allow":["GET"]}}],"collection":[{"href":"https:\/\/mabuko.co.mz\/site\/index.php?rest_route=\/wp\/v2\/product"}],"about":[{"href":"https:\/\/mabuko.co.mz\/site\/index.php?rest_route=\/wp\/v2\/types\/product"}],"wp:featuredmedia":[{"embeddable":true,"href":"https:\/\/mabuko.co.mz\/site\/index.php?rest_route=\/wp\/v2\/media\/8083"}],"wp:attachment":[{"href":"https:\/\/mabuko.co.mz\/site\/index.php?rest_route=%2Fwp%2Fv2%2Fmedia&parent=8081"}],"wp:term":[{"taxonomy":"product_cat","embeddable":true,"href":"https:\/\/mabuko.co.mz\/site\/index.php?rest_route=%2Fwp%2Fv2%2Fproduct_cat&post=8081"},{"taxonomy":"product_tag","embeddable":true,"href":"https:\/\/mabuko.co.mz\/site\/index.php?rest_route=%2Fwp%2Fv2%2Fproduct_tag&post=8081"}],"curies":[{"name":"wp","href":"https:\/\/api.w.org\/{rel}","templated":true}]}}