{"id":8078,"date":"2022-12-06T09:46:34","date_gmt":"2022-12-06T09:46:34","guid":{"rendered":"https:\/\/mabuko.co.mz\/?post_type=product&#038;p=8078"},"modified":"2023-01-13T09:57:58","modified_gmt":"2023-01-13T09:57:58","slug":"eu-serei-a-ultima","status":"publish","type":"product","link":"https:\/\/mabuko.co.mz\/site\/?product=eu-serei-a-ultima","title":{"rendered":"EU SEREI A \u00daLTIMA"},"content":{"rendered":"<p>Nadia Murad<\/p>\n<p>9789896653477<\/p>\n","protected":false},"excerpt":{"rendered":"<p><strong>SINOPSE<\/strong><\/p>\n<p>Um testemunho \u00edntimo de sobreviv\u00eancia, uma hist\u00f3ria terr\u00edvel e inspiradora.<\/p>\n<p>A 15 de Agosto de 2014 a vida de Nadia Murad mudou para sempre. As tropas do Estado Isl\u00e2mico invadiram a sua aldeia, onde a minoria yazidi levava uma vida tranquila, e levaram a cabo um massacre. Executaram homens e mulheres, entre eles a m\u00e3e e seis dos seus irm\u00e3os e amontoaram os corpos em valas comuns.<\/p>\n<p>Nadia, que tinha ent\u00e3o 21 anos, foi sequestrada e vendida como escrava sexual. Os soldados torturaram-na e violaram-na repetidamente at\u00e9 que, numa noite, conseguiu fugir pelas ruas de Mossul.<\/p>\n<p>Para que n\u00e3o se esque\u00e7a, porque quer ser a \u00faltima a viv\u00ea-la, Nadia conta a sua hist\u00f3ria.<\/p>\n","protected":false},"featured_media":8079,"template":"","meta":{"_monsterinsights_skip_tracking":false,"_monsterinsights_sitenote_active":false,"_monsterinsights_sitenote_note":"","_monsterinsights_sitenote_category":0},"product_cat":[136],"product_tag":[],"class_list":{"0":"post-8078","1":"product","2":"type-product","3":"status-publish","4":"has-post-thumbnail","6":"product_cat-memorias-e-testemunhos","8":"first","9":"outofstock","10":"shipping-taxable","11":"purchasable","12":"product-type-simple"},"_links":{"self":[{"href":"https:\/\/mabuko.co.mz\/site\/index.php?rest_route=\/wp\/v2\/product\/8078","targetHints":{"allow":["GET"]}}],"collection":[{"href":"https:\/\/mabuko.co.mz\/site\/index.php?rest_route=\/wp\/v2\/product"}],"about":[{"href":"https:\/\/mabuko.co.mz\/site\/index.php?rest_route=\/wp\/v2\/types\/product"}],"wp:featuredmedia":[{"embeddable":true,"href":"https:\/\/mabuko.co.mz\/site\/index.php?rest_route=\/wp\/v2\/media\/8079"}],"wp:attachment":[{"href":"https:\/\/mabuko.co.mz\/site\/index.php?rest_route=%2Fwp%2Fv2%2Fmedia&parent=8078"}],"wp:term":[{"taxonomy":"product_cat","embeddable":true,"href":"https:\/\/mabuko.co.mz\/site\/index.php?rest_route=%2Fwp%2Fv2%2Fproduct_cat&post=8078"},{"taxonomy":"product_tag","embeddable":true,"href":"https:\/\/mabuko.co.mz\/site\/index.php?rest_route=%2Fwp%2Fv2%2Fproduct_tag&post=8078"}],"curies":[{"name":"wp","href":"https:\/\/api.w.org\/{rel}","templated":true}]}}