{"id":8073,"date":"2022-12-06T09:18:47","date_gmt":"2022-12-06T09:18:47","guid":{"rendered":"https:\/\/mabuko.co.mz\/?post_type=product&#038;p=8073"},"modified":"2023-01-13T09:59:18","modified_gmt":"2023-01-13T09:59:18","slug":"a-sombra-da-noite","status":"publish","type":"product","link":"https:\/\/mabuko.co.mz\/site\/?product=a-sombra-da-noite","title":{"rendered":"A SOMBRA DA NOITE"},"content":{"rendered":"<p>Robert Bryndza<\/p>\n<p>9789899054219<\/p>\n","protected":false},"excerpt":{"rendered":"<p><strong>SINOPSE<\/strong><\/p>\n<p>Numa noite quente de ver\u00e3o, a inspetora-chefe Erika Foster \u00e9 chamada \u00e0 cena de um crime. A v\u00edtima foi encontrada asfixiada na cama. Tem os pulsos amarrados e os olhos parecem querer saltar das \u00f3rbitas atrav\u00e9s do saco de pl\u00e1stico transparente que lhe cobre a cabe\u00e7a e o sufocou. Alguns dias mais tarde, outra v\u00edtima \u00e9 descoberta exatamente nas mesmas circunst\u00e2ncias. \u00c0 medida que Erika e a sua equipa intensificam as investiga\u00e7\u00f5es deparam-se com um assassino em s\u00e9rie inteligente e calculista &#8211; que sabe tudo sobre as v\u00edtimas e as persegue antes de escolher o momento certo para atacar.<\/p>\n<p>Todas as v\u00edtimas s\u00e3o solteiras, com uma vida muito reservada e um passado envolto em segredo. Por\u00e9m, podem n\u00e3o ser as \u00fanicas pessoas a ser observadas&#8230; Erika come\u00e7a a receber mensagens enigm\u00e1ticas e a sua pr\u00f3pria vida corre perigo. Ela tudo far\u00e1 para desvendar o mist\u00e9rio que rodeia estes crimes, ainda que isso signifique arriscar a sua carreira na pol\u00edcia. Imperd\u00edvel!!!<\/p>\n","protected":false},"featured_media":8074,"template":"","meta":{"_monsterinsights_skip_tracking":false,"_monsterinsights_sitenote_active":false,"_monsterinsights_sitenote_note":"","_monsterinsights_sitenote_category":0},"product_cat":[103],"product_tag":[],"class_list":{"0":"post-8073","1":"product","2":"type-product","3":"status-publish","4":"has-post-thumbnail","6":"product_cat-literatura","7":"pa_book-author-robert-bryndza","9":"first","10":"outofstock","11":"shipping-taxable","12":"purchasable","13":"product-type-simple"},"_links":{"self":[{"href":"https:\/\/mabuko.co.mz\/site\/index.php?rest_route=\/wp\/v2\/product\/8073","targetHints":{"allow":["GET"]}}],"collection":[{"href":"https:\/\/mabuko.co.mz\/site\/index.php?rest_route=\/wp\/v2\/product"}],"about":[{"href":"https:\/\/mabuko.co.mz\/site\/index.php?rest_route=\/wp\/v2\/types\/product"}],"wp:featuredmedia":[{"embeddable":true,"href":"https:\/\/mabuko.co.mz\/site\/index.php?rest_route=\/wp\/v2\/media\/8074"}],"wp:attachment":[{"href":"https:\/\/mabuko.co.mz\/site\/index.php?rest_route=%2Fwp%2Fv2%2Fmedia&parent=8073"}],"wp:term":[{"taxonomy":"product_cat","embeddable":true,"href":"https:\/\/mabuko.co.mz\/site\/index.php?rest_route=%2Fwp%2Fv2%2Fproduct_cat&post=8073"},{"taxonomy":"product_tag","embeddable":true,"href":"https:\/\/mabuko.co.mz\/site\/index.php?rest_route=%2Fwp%2Fv2%2Fproduct_tag&post=8073"}],"curies":[{"name":"wp","href":"https:\/\/api.w.org\/{rel}","templated":true}]}}