{"id":8069,"date":"2022-12-06T08:04:31","date_gmt":"2022-12-06T08:04:31","guid":{"rendered":"https:\/\/mabuko.co.mz\/?post_type=product&#038;p=8069"},"modified":"2023-01-13T10:02:28","modified_gmt":"2023-01-13T10:02:28","slug":"por-tras-dos-seus-olhos","status":"publish","type":"product","link":"https:\/\/mabuko.co.mz\/site\/?product=por-tras-dos-seus-olhos","title":{"rendered":"POR TR\u00c1S DOS SEUS OLHOS"},"content":{"rendered":"<p><strong>\u00a0<\/strong>Sarah Pinborough<\/p>\n<p>9789722361996<\/p>\n","protected":false},"excerpt":{"rendered":"<p><strong>SINOPSE<\/strong><\/p>\n<p>Louise<br \/>\nM\u00e3e solteira, fez do filho o seu mundo. Trabalha em part-time. Segue um quotidiano discreto e preso \u00e0 rotina. Mas tudo muda quando numa rara sa\u00edda \u00e0 noite, conhece David num bar&#8230; n\u00e3o sabendo que se trata do seu novo chefe. Ambos sentem de imediato uma atrac\u00e7\u00e3o m\u00fatua.<\/p>\n<p>David<br \/>\n\u00c9 ainda jovem, bem-sucedido, encantador e dedicado \u00e0 sua mulher. Louise nem consegue acreditar que um homem como David se sinta atra\u00eddo por ela. e tudo se complica quando Louise conhece Adele, a mulher de David.<\/p>\n<p>Adele<br \/>\nBela, elegante, delicada. Perfeita em todos os aspetos. Um dia, conhece Louise, de quem se torna desde logo amiga.<\/p>\n<p>Fascinada por Adele e David &#8211; o casal ideal, aparentemente irrepreens\u00edvel -, Louise acaba por se ir envolvendo na intrincada teia que \u00e9 aquele casamento. E, a pouco e pouco, \u00e0 medida que penetra cada vez mais nas suas vidas, come\u00e7a a descobrir que h\u00e1 falhas entre eles&#8230; Ser\u00e1 David realmente o homem que ela pensava conhecer bem? Ser\u00e1 Adele t\u00e3o fr\u00e1gil quanto aparenta? que segredos inquietantes e perigosos escondem eles? E at\u00e9 onde ser\u00e3o capazes de chegar para os esconder? Um thriller que se l\u00ea de um s\u00f3 f\u00f4lego, com um final surpreendentemente inesperado, e que reinventa com mestria o tradicional tri\u00e2ngulo amoroso.<\/p>\n<p>Um bestseller internacional de excelente qualidade liter\u00e1ria.<\/p>\n","protected":false},"featured_media":8070,"template":"","meta":{"_monsterinsights_skip_tracking":false,"_monsterinsights_sitenote_active":false,"_monsterinsights_sitenote_note":"","_monsterinsights_sitenote_category":0},"product_cat":[103],"product_tag":[],"class_list":{"0":"post-8069","1":"product","2":"type-product","3":"status-publish","4":"has-post-thumbnail","6":"product_cat-literatura","7":"pa_book-author-sarah-pinborough","9":"first","10":"outofstock","11":"shipping-taxable","12":"purchasable","13":"product-type-simple"},"_links":{"self":[{"href":"https:\/\/mabuko.co.mz\/site\/index.php?rest_route=\/wp\/v2\/product\/8069","targetHints":{"allow":["GET"]}}],"collection":[{"href":"https:\/\/mabuko.co.mz\/site\/index.php?rest_route=\/wp\/v2\/product"}],"about":[{"href":"https:\/\/mabuko.co.mz\/site\/index.php?rest_route=\/wp\/v2\/types\/product"}],"wp:featuredmedia":[{"embeddable":true,"href":"https:\/\/mabuko.co.mz\/site\/index.php?rest_route=\/wp\/v2\/media\/8070"}],"wp:attachment":[{"href":"https:\/\/mabuko.co.mz\/site\/index.php?rest_route=%2Fwp%2Fv2%2Fmedia&parent=8069"}],"wp:term":[{"taxonomy":"product_cat","embeddable":true,"href":"https:\/\/mabuko.co.mz\/site\/index.php?rest_route=%2Fwp%2Fv2%2Fproduct_cat&post=8069"},{"taxonomy":"product_tag","embeddable":true,"href":"https:\/\/mabuko.co.mz\/site\/index.php?rest_route=%2Fwp%2Fv2%2Fproduct_tag&post=8069"}],"curies":[{"name":"wp","href":"https:\/\/api.w.org\/{rel}","templated":true}]}}