{"id":8067,"date":"2022-12-06T07:51:44","date_gmt":"2022-12-06T07:51:44","guid":{"rendered":"https:\/\/mabuko.co.mz\/?post_type=product&#038;p=8067"},"modified":"2023-01-13T10:03:00","modified_gmt":"2023-01-13T10:03:00","slug":"13-horas-os-soldados-secretos-de-benghazi","status":"publish","type":"product","link":"https:\/\/mabuko.co.mz\/site\/?product=13-horas-os-soldados-secretos-de-benghazi","title":{"rendered":"13 HORAS Os soldados secretos de Benghazi"},"content":{"rendered":"<p>Mitchell Zuckoff<\/p>\n<p>9789897542077<\/p>\n","protected":false},"excerpt":{"rendered":"<p><strong>SINOPSE<\/strong><\/p>\n<p>O relato real e lancinante dos homens corajosos que resistiram no terreno durante a batalha de Benghazi<\/p>\n<p>Na noite de 11 de Setembro de 2012, atacaram o Complexo da Miss\u00e3o Especial do Departamento de Estado dos EUA e um posto da CIA pr\u00f3ximo, conhecido como o Anexo, em Benzaghi, na Libia. Uma equipa de seis operadores de seguran\u00e7a americanos deu o seu melhor para repelir os atacantes e proteger os americanos que ali se encontravam. Esses homens fizeram mais do que o seu dever, levando a cabo extraordin\u00e1rios atos de coragem e de hero\u00edsmo para evitar uma trag\u00e9dia ainda maior. Este \u00e9 o seu relato pessoal, nunca antes contado, do que aconteceu durante as treze horas daquele ataque.<\/p>\n<p>\u00abUm grande n\u00famero de jornalistas e de representantes do governo j\u00e1 tentou abordar Benghazi\u2026 Todos esses esfor\u00e7os parecem fragment\u00e1rios quando comparados com 13 HORAS.\u00bb<br \/>\n<i>The Washington Post<\/i><\/p>\n","protected":false},"featured_media":8068,"template":"","meta":{"_monsterinsights_skip_tracking":false,"_monsterinsights_sitenote_active":false,"_monsterinsights_sitenote_note":"","_monsterinsights_sitenote_category":0},"product_cat":[102],"product_tag":[],"class_list":{"0":"post-8067","1":"product","2":"type-product","3":"status-publish","4":"has-post-thumbnail","6":"product_cat-livros-tecnicos","7":"pa_book-author-mitchell-zuckoff","9":"first","10":"outofstock","11":"shipping-taxable","12":"purchasable","13":"product-type-simple"},"_links":{"self":[{"href":"https:\/\/mabuko.co.mz\/site\/index.php?rest_route=\/wp\/v2\/product\/8067","targetHints":{"allow":["GET"]}}],"collection":[{"href":"https:\/\/mabuko.co.mz\/site\/index.php?rest_route=\/wp\/v2\/product"}],"about":[{"href":"https:\/\/mabuko.co.mz\/site\/index.php?rest_route=\/wp\/v2\/types\/product"}],"wp:featuredmedia":[{"embeddable":true,"href":"https:\/\/mabuko.co.mz\/site\/index.php?rest_route=\/wp\/v2\/media\/8068"}],"wp:attachment":[{"href":"https:\/\/mabuko.co.mz\/site\/index.php?rest_route=%2Fwp%2Fv2%2Fmedia&parent=8067"}],"wp:term":[{"taxonomy":"product_cat","embeddable":true,"href":"https:\/\/mabuko.co.mz\/site\/index.php?rest_route=%2Fwp%2Fv2%2Fproduct_cat&post=8067"},{"taxonomy":"product_tag","embeddable":true,"href":"https:\/\/mabuko.co.mz\/site\/index.php?rest_route=%2Fwp%2Fv2%2Fproduct_tag&post=8067"}],"curies":[{"name":"wp","href":"https:\/\/api.w.org\/{rel}","templated":true}]}}