{"id":8065,"date":"2022-12-06T07:36:08","date_gmt":"2022-12-06T07:36:08","guid":{"rendered":"https:\/\/mabuko.co.mz\/?post_type=product&#038;p=8065"},"modified":"2023-01-13T10:07:50","modified_gmt":"2023-01-13T10:07:50","slug":"lagrimas-sobre-a-babilonia","status":"publish","type":"product","link":"https:\/\/mabuko.co.mz\/site\/?product=lagrimas-sobre-a-babilonia","title":{"rendered":"L\u00c1GRIMAS SOBRE A BABIL\u00d3NIA"},"content":{"rendered":"<p>Nelson DeMille<\/p>\n<p>9789897545740<\/p>\n","protected":false},"excerpt":{"rendered":"<p><strong>SINOPSE<\/strong><\/p>\n<p>Aeroporto de Lod, em Israel: dois Concordes descolam a caminho de uma confer\u00eancia das Na\u00e7\u00f5es Unidas, que finalmente levar\u00e1 a paz ao M\u00e9dio Oriente.<\/p>\n<p>Escoltadas por ca\u00e7as F-14, as duas aeronaves levam a bordo gente aguerrida, pacifistas, amantes, inimigos e dignit\u00e1rios, al\u00e9m de homens do servi\u00e7o de seguran\u00e7a &#8211; assim como uma carga explosiva colocada por um terrorista inteligente.<\/p>\n<p>Inesperadamente, s\u00e3o for\u00e7ados a aterrar de emerg\u00eancia num local des\u00e9rtico da Mesopot\u00e2mia e, a\u00ed, com apenas uma m\u00e3o-cheia de armas, os homens e as mulheres que compunham a delega\u00e7\u00e3o de paz s\u00e3o for\u00e7ados a defender-se do ataque de uma unidade palestiniana de elite, ao mesmo tempo que as autoridades israelitas tentam desesperadamente enviar uma miss\u00e3o de resgate&#8230;<\/p>\n","protected":false},"featured_media":8066,"template":"","meta":{"_monsterinsights_skip_tracking":false,"_monsterinsights_sitenote_active":false,"_monsterinsights_sitenote_note":"","_monsterinsights_sitenote_category":0},"product_cat":[103],"product_tag":[],"class_list":{"0":"post-8065","1":"product","2":"type-product","3":"status-publish","4":"has-post-thumbnail","6":"product_cat-literatura","7":"pa_book-author-nelson-demille","9":"first","10":"outofstock","11":"shipping-taxable","12":"purchasable","13":"product-type-simple"},"_links":{"self":[{"href":"https:\/\/mabuko.co.mz\/site\/index.php?rest_route=\/wp\/v2\/product\/8065","targetHints":{"allow":["GET"]}}],"collection":[{"href":"https:\/\/mabuko.co.mz\/site\/index.php?rest_route=\/wp\/v2\/product"}],"about":[{"href":"https:\/\/mabuko.co.mz\/site\/index.php?rest_route=\/wp\/v2\/types\/product"}],"wp:featuredmedia":[{"embeddable":true,"href":"https:\/\/mabuko.co.mz\/site\/index.php?rest_route=\/wp\/v2\/media\/8066"}],"wp:attachment":[{"href":"https:\/\/mabuko.co.mz\/site\/index.php?rest_route=%2Fwp%2Fv2%2Fmedia&parent=8065"}],"wp:term":[{"taxonomy":"product_cat","embeddable":true,"href":"https:\/\/mabuko.co.mz\/site\/index.php?rest_route=%2Fwp%2Fv2%2Fproduct_cat&post=8065"},{"taxonomy":"product_tag","embeddable":true,"href":"https:\/\/mabuko.co.mz\/site\/index.php?rest_route=%2Fwp%2Fv2%2Fproduct_tag&post=8065"}],"curies":[{"name":"wp","href":"https:\/\/api.w.org\/{rel}","templated":true}]}}