{"id":8060,"date":"2022-12-06T07:07:43","date_gmt":"2022-12-06T07:07:43","guid":{"rendered":"https:\/\/mabuko.co.mz\/?post_type=product&#038;p=8060"},"modified":"2023-01-13T10:21:35","modified_gmt":"2023-01-13T10:21:35","slug":"o-traidor","status":"publish","type":"product","link":"https:\/\/mabuko.co.mz\/site\/?product=o-traidor","title":{"rendered":"O TRAIDOR"},"content":{"rendered":"<p>Nelson DeMille<\/p>\n<p>Alex DeMille<\/p>\n<p>9789897544408<\/p>\n","protected":false},"excerpt":{"rendered":"<p><strong>SINOPSE<\/strong><\/p>\n<p>Um thriller tenso e cheio de suspense de Nelson DeMille, autor bestseller n.\u00ba 1 do\u00a0<i>New York Times<\/i>\u00a0&#8211; aqui a escrever com o filho, o argumentista Alex DeMille.<\/p>\n<p>Neste livro, dois investigadores procuram na Venezuela um desertor do Ex\u00e9rcito que talvez saiba demasiado sobre uma opera\u00e7\u00e3o secreta do Pent\u00e1gono\u2026<\/p>\n<p>Quando o capit\u00e3o da For\u00e7a Delta, Kyle Mercer, desapareceu no Afeganist\u00e3o, um v\u00eddeo divulgado pelos seus captores talib\u00e3s fez as manchetes internacionais. Mas as circunst\u00e2ncias eram d\u00fabias: Mercer desertou antes de ser capturado? Depois, um segundo v\u00eddeo enviado aos comandantes de Mercer no Ex\u00e9rcito n\u00e3o deixa d\u00favidas: o assassino treinado e detentor de informa\u00e7\u00f5es secretas do Ex\u00e9rcito desapareceu voluntariamente.<\/p>\n<p>Quando Mercer \u00e9 visto dois anos depois em Caracas, na Venezuela, os chefes militares encarregam Scott Brodie e Maggie Taylor, da Divis\u00e3o de Investiga\u00e7\u00e3o Criminal, de trazer Mercer de volta aos Estados Unidos, vivo ou morto. Brodie sabe que tem em m\u00e3os uma miss\u00e3o \u00e1rdua, dificultada pela inexperi\u00eancia da sua nova parceira e pela sua suspeita de que Maggie Taylor esteja a trabalhar para a CIA.<\/p>\n","protected":false},"featured_media":8062,"template":"","meta":{"_monsterinsights_skip_tracking":false,"_monsterinsights_sitenote_active":false,"_monsterinsights_sitenote_note":"","_monsterinsights_sitenote_category":0},"product_cat":[103],"product_tag":[],"class_list":{"0":"post-8060","1":"product","2":"type-product","3":"status-publish","4":"has-post-thumbnail","6":"product_cat-literatura","7":"pa_book-author-alex-demille","8":"pa_book-author-nelson-demille","10":"first","11":"outofstock","12":"shipping-taxable","13":"purchasable","14":"product-type-simple"},"_links":{"self":[{"href":"https:\/\/mabuko.co.mz\/site\/index.php?rest_route=\/wp\/v2\/product\/8060","targetHints":{"allow":["GET"]}}],"collection":[{"href":"https:\/\/mabuko.co.mz\/site\/index.php?rest_route=\/wp\/v2\/product"}],"about":[{"href":"https:\/\/mabuko.co.mz\/site\/index.php?rest_route=\/wp\/v2\/types\/product"}],"wp:featuredmedia":[{"embeddable":true,"href":"https:\/\/mabuko.co.mz\/site\/index.php?rest_route=\/wp\/v2\/media\/8062"}],"wp:attachment":[{"href":"https:\/\/mabuko.co.mz\/site\/index.php?rest_route=%2Fwp%2Fv2%2Fmedia&parent=8060"}],"wp:term":[{"taxonomy":"product_cat","embeddable":true,"href":"https:\/\/mabuko.co.mz\/site\/index.php?rest_route=%2Fwp%2Fv2%2Fproduct_cat&post=8060"},{"taxonomy":"product_tag","embeddable":true,"href":"https:\/\/mabuko.co.mz\/site\/index.php?rest_route=%2Fwp%2Fv2%2Fproduct_tag&post=8060"}],"curies":[{"name":"wp","href":"https:\/\/api.w.org\/{rel}","templated":true}]}}