{"id":8051,"date":"2022-12-05T13:16:36","date_gmt":"2022-12-05T13:16:36","guid":{"rendered":"https:\/\/mabuko.co.mz\/?post_type=product&#038;p=8051"},"modified":"2023-01-13T10:22:46","modified_gmt":"2023-01-13T10:22:46","slug":"o-mundo-de-sofia","status":"publish","type":"product","link":"https:\/\/mabuko.co.mz\/site\/?product=o-mundo-de-sofia","title":{"rendered":"O MUNDO DE SOFIA"},"content":{"rendered":"<p>Jostein Gaarder<\/p>\n<p>9789722319492<\/p>\n","protected":false},"excerpt":{"rendered":"<p><strong>SINOPSE<\/strong><\/p>\n<p>O Mundo de Sofia \u00e9 um desses inexplic\u00e1veis sucessos que t\u00eam gerado uma contagiante ades\u00e3o por parte dos leitores, entre os quais se contam muitos jovens. Mas n\u00e3o s\u00f3. Tornou-se de imediato um bestseller em muitos pa\u00edses: est\u00e1 traduzido em mais de cinquenta l\u00ednguas. Esta intrigante aventura filos\u00f3fica, que p\u00f5e em cena um professor de filosofia e uma jovem de catorze anos, percorre a hist\u00f3ria do pensamento ocidental, sem excluir alguns dos seus mitos e lendas e fazendo breves incurs\u00f5es pelas filosofias orientais. O tema central est\u00e1 estreitamente ligado \u00e0 constru\u00e7\u00e3o do universo romanesco que se duplica misteriosamente pela interven\u00e7\u00e3o de outros dois personagens, apresentando-se ele pr\u00f3prio como um enigma. As misteriosas interroga\u00e7\u00f5es dirigidas a Sofia: \u00abQuem \u00e9s tu?\u00bb e \u00abDe onde vem o mundo?\u00bb s\u00e3o aqui emblem\u00e1ticas da atitude de espanto de algu\u00e9m, como Gaarder, para quem a exist\u00eancia \u00e9 um coelho branco que o ilusionista tira ludicamente da cartola.<\/p>\n","protected":false},"featured_media":8052,"template":"","meta":{"_monsterinsights_skip_tracking":false,"_monsterinsights_sitenote_active":false,"_monsterinsights_sitenote_note":"","_monsterinsights_sitenote_category":0},"product_cat":[105],"product_tag":[],"class_list":{"0":"post-8051","1":"product","2":"type-product","3":"status-publish","4":"has-post-thumbnail","6":"product_cat-romance","7":"pa_book-author-jostein-gaarder","9":"first","10":"outofstock","11":"shipping-taxable","12":"purchasable","13":"product-type-simple"},"_links":{"self":[{"href":"https:\/\/mabuko.co.mz\/site\/index.php?rest_route=\/wp\/v2\/product\/8051","targetHints":{"allow":["GET"]}}],"collection":[{"href":"https:\/\/mabuko.co.mz\/site\/index.php?rest_route=\/wp\/v2\/product"}],"about":[{"href":"https:\/\/mabuko.co.mz\/site\/index.php?rest_route=\/wp\/v2\/types\/product"}],"wp:featuredmedia":[{"embeddable":true,"href":"https:\/\/mabuko.co.mz\/site\/index.php?rest_route=\/wp\/v2\/media\/8052"}],"wp:attachment":[{"href":"https:\/\/mabuko.co.mz\/site\/index.php?rest_route=%2Fwp%2Fv2%2Fmedia&parent=8051"}],"wp:term":[{"taxonomy":"product_cat","embeddable":true,"href":"https:\/\/mabuko.co.mz\/site\/index.php?rest_route=%2Fwp%2Fv2%2Fproduct_cat&post=8051"},{"taxonomy":"product_tag","embeddable":true,"href":"https:\/\/mabuko.co.mz\/site\/index.php?rest_route=%2Fwp%2Fv2%2Fproduct_tag&post=8051"}],"curies":[{"name":"wp","href":"https:\/\/api.w.org\/{rel}","templated":true}]}}