{"id":8047,"date":"2022-12-05T12:51:46","date_gmt":"2022-12-05T12:51:46","guid":{"rendered":"https:\/\/mabuko.co.mz\/?post_type=product&#038;p=8047"},"modified":"2023-01-13T09:30:15","modified_gmt":"2023-01-13T09:30:15","slug":"lisboa-a-cidade-vista-de-fora-1933-1974","status":"publish","type":"product","link":"https:\/\/mabuko.co.mz\/site\/?product=lisboa-a-cidade-vista-de-fora-1933-1974","title":{"rendered":"LISBOA A cidade vista de fora 1933-1974"},"content":{"rendered":"<p>Neill Lochery<\/p>\n<p>9789722351645<\/p>\n","protected":false},"excerpt":{"rendered":"<p><strong>SINOPSE<\/strong><\/p>\n<p><i>Lisboa &#8211; A Cidade Vista de Fora<\/i>, 1933-1974 \u00e9 uma obra que se debru\u00e7a sobre as hist\u00f3rias dos estrangeiros que marcaram presen\u00e7a na cidade durante o per\u00edodo do Estado Novo. Reis e rainhas exilados, espi\u00f5es, diplomatas, l\u00edderes mundiais e chefes de Estado, refugiados, estrelas de Hollywood e outras celebridades da \u00e9poca oferecem-nos uma perspetiva diferente e \u00fanica do clima vivido em Lisboa durante quatro d\u00e9cadas, e da import\u00e2ncia assumida pela capital em alguns momentos-chave da hist\u00f3ria europeia no s\u00e9culo XX. Para quem considera que o contributo de Lisboa para o mundo terminou com o final da era dos Descobrimentos portugueses, esta obra torna-se uma leitura essencial, curiosa e surpreendente.<\/p>\n","protected":false},"featured_media":8049,"template":"","meta":{"_monsterinsights_skip_tracking":false,"_monsterinsights_sitenote_active":false,"_monsterinsights_sitenote_note":"","_monsterinsights_sitenote_category":0},"product_cat":[102],"product_tag":[],"class_list":{"0":"post-8047","1":"product","2":"type-product","3":"status-publish","4":"has-post-thumbnail","6":"product_cat-livros-tecnicos","7":"pa_book-author-neill-lochery","9":"first","10":"outofstock","11":"shipping-taxable","12":"purchasable","13":"product-type-simple"},"_links":{"self":[{"href":"https:\/\/mabuko.co.mz\/site\/index.php?rest_route=\/wp\/v2\/product\/8047","targetHints":{"allow":["GET"]}}],"collection":[{"href":"https:\/\/mabuko.co.mz\/site\/index.php?rest_route=\/wp\/v2\/product"}],"about":[{"href":"https:\/\/mabuko.co.mz\/site\/index.php?rest_route=\/wp\/v2\/types\/product"}],"wp:featuredmedia":[{"embeddable":true,"href":"https:\/\/mabuko.co.mz\/site\/index.php?rest_route=\/wp\/v2\/media\/8049"}],"wp:attachment":[{"href":"https:\/\/mabuko.co.mz\/site\/index.php?rest_route=%2Fwp%2Fv2%2Fmedia&parent=8047"}],"wp:term":[{"taxonomy":"product_cat","embeddable":true,"href":"https:\/\/mabuko.co.mz\/site\/index.php?rest_route=%2Fwp%2Fv2%2Fproduct_cat&post=8047"},{"taxonomy":"product_tag","embeddable":true,"href":"https:\/\/mabuko.co.mz\/site\/index.php?rest_route=%2Fwp%2Fv2%2Fproduct_tag&post=8047"}],"curies":[{"name":"wp","href":"https:\/\/api.w.org\/{rel}","templated":true}]}}