{"id":8045,"date":"2022-12-05T12:42:30","date_gmt":"2022-12-05T12:42:30","guid":{"rendered":"https:\/\/mabuko.co.mz\/?post_type=product&#038;p=8045"},"modified":"2023-01-13T09:31:55","modified_gmt":"2023-01-13T09:31:55","slug":"fortaleza-digital","status":"publish","type":"product","link":"https:\/\/mabuko.co.mz\/site\/?product=fortaleza-digital","title":{"rendered":"FORTALEZA DIGITAL"},"content":{"rendered":"<p>Dan Brown<\/p>\n<p>9789722520485<\/p>\n","protected":false},"excerpt":{"rendered":"<p><strong>SINOPSE<\/strong><\/p>\n<p>Quando o ultra-secreto e invenc\u00edvel descriptador da NSA, o Crivo, se depara com uma mensagem indecifr\u00e1vel criada por um \u00abanjo ca\u00eddo\u00bb da pr\u00f3pria ag\u00eancia, o director de opera\u00e7\u00f5es recorre \u00e0 brilhante cript\u00f3grafa Susan Fletcher e ao seu noivo, um professor de Literatura, para o ajudarem a desvendar o mist\u00e9rio.<br \/>\nQual ser\u00e1 a natureza do terr\u00edvel c\u00f3digo que tomou a NSA como ref\u00e9m? E ter\u00e1 David Becker \u00eaxito na sua demanda por um misterioso anel?<br \/>\nApanhada numa vertiginosa rede de secretismos e mentiras, Susan tenta desesperadamente salvar a ag\u00eancia em que acredita e, mais tarde, a pr\u00f3pria vida e a do homem que ama. Mas ser\u00e1 essa a resposta para a seguran\u00e7a universal?<br \/>\nChegando o momento da verdade , \u00abquem guardar\u00e1 os guardas\u00bb?<\/p>\n","protected":false},"featured_media":8046,"template":"","meta":{"_monsterinsights_skip_tracking":false,"_monsterinsights_sitenote_active":false,"_monsterinsights_sitenote_note":"","_monsterinsights_sitenote_category":0},"product_cat":[105],"product_tag":[],"class_list":{"0":"post-8045","1":"product","2":"type-product","3":"status-publish","4":"has-post-thumbnail","6":"product_cat-romance","7":"pa_book-author-dan-brown","9":"first","10":"outofstock","11":"shipping-taxable","12":"purchasable","13":"product-type-simple"},"_links":{"self":[{"href":"https:\/\/mabuko.co.mz\/site\/index.php?rest_route=\/wp\/v2\/product\/8045","targetHints":{"allow":["GET"]}}],"collection":[{"href":"https:\/\/mabuko.co.mz\/site\/index.php?rest_route=\/wp\/v2\/product"}],"about":[{"href":"https:\/\/mabuko.co.mz\/site\/index.php?rest_route=\/wp\/v2\/types\/product"}],"wp:featuredmedia":[{"embeddable":true,"href":"https:\/\/mabuko.co.mz\/site\/index.php?rest_route=\/wp\/v2\/media\/8046"}],"wp:attachment":[{"href":"https:\/\/mabuko.co.mz\/site\/index.php?rest_route=%2Fwp%2Fv2%2Fmedia&parent=8045"}],"wp:term":[{"taxonomy":"product_cat","embeddable":true,"href":"https:\/\/mabuko.co.mz\/site\/index.php?rest_route=%2Fwp%2Fv2%2Fproduct_cat&post=8045"},{"taxonomy":"product_tag","embeddable":true,"href":"https:\/\/mabuko.co.mz\/site\/index.php?rest_route=%2Fwp%2Fv2%2Fproduct_tag&post=8045"}],"curies":[{"name":"wp","href":"https:\/\/api.w.org\/{rel}","templated":true}]}}