{"id":8038,"date":"2022-12-05T09:56:48","date_gmt":"2022-12-05T09:56:48","guid":{"rendered":"https:\/\/mabuko.co.mz\/?post_type=product&#038;p=8038"},"modified":"2023-01-13T09:33:50","modified_gmt":"2023-01-13T09:33:50","slug":"os-anos-top-gear","status":"publish","type":"product","link":"https:\/\/mabuko.co.mz\/site\/?product=os-anos-top-gear","title":{"rendered":"OS ANOS TOP GEAR"},"content":{"rendered":"<p>Jeremy Clarkson<\/p>\n<p>9789722355612<\/p>\n","protected":false},"excerpt":{"rendered":"<p>Top Gear foi em tempos apenas um programa de televis\u00e3o relacionado com autom\u00f3veis. At\u00e9 que, num antigo aer\u00f3dromo da Royal Air Force, Jeremy Clarkson e os seus amigos constru\u00edram um admir\u00e1vel mundo novo que batizaram de quartel-general do Top Gear. Este lugar tornou-se para o Jeremy o mesmo que a selva para Tarzan: o lugar perfeito de entretenimento. Com um cantinho garantido perto de Londres, Jeremy e os amigos decidiram tentar a sorte no resto do mundo. Em breve a equipa do Top Gear Live andava \u00e0 volta do globo, tal como uma banda de rock nos anos 70 em digress\u00e3o, conquistando adeptos em toda a parte, desde a Am\u00e9rica do Norte at\u00e9 \u00e0 China. Quinhentos milh\u00f5es de espectadores depois, existia um imp\u00e9rio onde o sol nunca se punha. Ao longo desse per\u00edodo, Jeremy Clarkson ia escrevendo sobre o assunto. Reunido em livro pela primeira vez, aqui est\u00e1 o resultado desse trabalho: os carros, as par\u00f3dias, o bom e o mau. Brilhantemente escrito e de rir \u00e0s gargalhadas, a obra Os Anos Top Gear revela Clarkson no seu melhor estilo. Incisivo, provocador e hilariante.<\/p>\n","protected":false},"featured_media":8039,"template":"","meta":{"_monsterinsights_skip_tracking":false,"_monsterinsights_sitenote_active":false,"_monsterinsights_sitenote_note":"","_monsterinsights_sitenote_category":0},"product_cat":[103],"product_tag":[],"class_list":{"0":"post-8038","1":"product","2":"type-product","3":"status-publish","4":"has-post-thumbnail","6":"product_cat-literatura","7":"pa_book-author-jeremy-clarkson","9":"first","10":"outofstock","11":"shipping-taxable","12":"purchasable","13":"product-type-simple"},"_links":{"self":[{"href":"https:\/\/mabuko.co.mz\/site\/index.php?rest_route=\/wp\/v2\/product\/8038","targetHints":{"allow":["GET"]}}],"collection":[{"href":"https:\/\/mabuko.co.mz\/site\/index.php?rest_route=\/wp\/v2\/product"}],"about":[{"href":"https:\/\/mabuko.co.mz\/site\/index.php?rest_route=\/wp\/v2\/types\/product"}],"wp:featuredmedia":[{"embeddable":true,"href":"https:\/\/mabuko.co.mz\/site\/index.php?rest_route=\/wp\/v2\/media\/8039"}],"wp:attachment":[{"href":"https:\/\/mabuko.co.mz\/site\/index.php?rest_route=%2Fwp%2Fv2%2Fmedia&parent=8038"}],"wp:term":[{"taxonomy":"product_cat","embeddable":true,"href":"https:\/\/mabuko.co.mz\/site\/index.php?rest_route=%2Fwp%2Fv2%2Fproduct_cat&post=8038"},{"taxonomy":"product_tag","embeddable":true,"href":"https:\/\/mabuko.co.mz\/site\/index.php?rest_route=%2Fwp%2Fv2%2Fproduct_tag&post=8038"}],"curies":[{"name":"wp","href":"https:\/\/api.w.org\/{rel}","templated":true}]}}