{"id":8031,"date":"2022-12-05T09:43:37","date_gmt":"2022-12-05T09:43:37","guid":{"rendered":"https:\/\/mabuko.co.mz\/?post_type=product&#038;p=8031"},"modified":"2023-01-13T09:35:08","modified_gmt":"2023-01-13T09:35:08","slug":"o-ultimo-agente","status":"publish","type":"product","link":"https:\/\/mabuko.co.mz\/site\/?product=o-ultimo-agente","title":{"rendered":"O \u00daLTIMO AGENTE"},"content":{"rendered":"<p>Robert Dugoni<\/p>\n<p>9789896233723<\/p>\n","protected":false},"excerpt":{"rendered":"<p><strong>SINOPSE<\/strong><\/p>\n<p align=\"justify\">Tra\u00eddo pelo seu pa\u00eds e julgado por trai\u00e7\u00e3o, Charles Jenkins, ex-agente da CIA, conseguiu sobreviver a uma malograda miss\u00e3o secreta na R\u00fassia. Exonerado, amargurado e finalmente em seguran\u00e7a, este pai de fam\u00edlia n\u00e3o quer ter mais nada que ver com jogos duplos de espionagem. Isto \u00e9, at\u00e9 saber da exist\u00eancia de uma mulher detida em Lefortovo, uma pris\u00e3o em Moscovo c\u00e9lebre pelas suas brutais t\u00e9cnicas de interrogat\u00f3rio. E perante a suspeita de que essa mulher \u00e9 Paulina Ponomayova, a agente que sacrificou a pr\u00f3pria vida para salvar a dele, Charles Jenkins n\u00e3o pode abandon\u00e1-la \u2014 mesmo sem garantias de que seja ela, ou sequer de que ainda esteja viva.<br \/>\nO passo seguinte: chantagear Viktor Federov, o ex-agente russo que o perseguiu atrav\u00e9s de tr\u00eas continentes, de modo a que este o ajude a infiltrar-se na pris\u00e3o. Mas a cada passo \u2014 de Moscovo \u00e0 Escandin\u00e1via e at\u00e9 em alto-mar \u2014 ter\u00e1 no seu encal\u00e7o um violento agente russo, que o persegue na sua pr\u00f3pria miss\u00e3o assassina. Impelido pela lealdade a Paulina, Charles Jenkins ter\u00e1 de arriscar tudo e entregar-se \u00e0quela que poder\u00e1 vir a tornar-se a sua \u00faltima miss\u00e3o.<\/p>\n<p align=\"justify\">\n","protected":false},"featured_media":8033,"template":"","meta":{"_monsterinsights_skip_tracking":false,"_monsterinsights_sitenote_active":false,"_monsterinsights_sitenote_note":"","_monsterinsights_sitenote_category":0},"product_cat":[103],"product_tag":[],"class_list":{"0":"post-8031","1":"product","2":"type-product","3":"status-publish","4":"has-post-thumbnail","6":"product_cat-literatura","7":"pa_book-author-robert-dugoni","9":"first","10":"outofstock","11":"shipping-taxable","12":"purchasable","13":"product-type-simple"},"_links":{"self":[{"href":"https:\/\/mabuko.co.mz\/site\/index.php?rest_route=\/wp\/v2\/product\/8031","targetHints":{"allow":["GET"]}}],"collection":[{"href":"https:\/\/mabuko.co.mz\/site\/index.php?rest_route=\/wp\/v2\/product"}],"about":[{"href":"https:\/\/mabuko.co.mz\/site\/index.php?rest_route=\/wp\/v2\/types\/product"}],"wp:featuredmedia":[{"embeddable":true,"href":"https:\/\/mabuko.co.mz\/site\/index.php?rest_route=\/wp\/v2\/media\/8033"}],"wp:attachment":[{"href":"https:\/\/mabuko.co.mz\/site\/index.php?rest_route=%2Fwp%2Fv2%2Fmedia&parent=8031"}],"wp:term":[{"taxonomy":"product_cat","embeddable":true,"href":"https:\/\/mabuko.co.mz\/site\/index.php?rest_route=%2Fwp%2Fv2%2Fproduct_cat&post=8031"},{"taxonomy":"product_tag","embeddable":true,"href":"https:\/\/mabuko.co.mz\/site\/index.php?rest_route=%2Fwp%2Fv2%2Fproduct_tag&post=8031"}],"curies":[{"name":"wp","href":"https:\/\/api.w.org\/{rel}","templated":true}]}}