{"id":8026,"date":"2022-12-05T09:19:31","date_gmt":"2022-12-05T09:19:31","guid":{"rendered":"https:\/\/mabuko.co.mz\/?post_type=product&#038;p=8026"},"modified":"2023-01-13T09:37:47","modified_gmt":"2023-01-13T09:37:47","slug":"os-cinco-pilares-da-pide","status":"publish","type":"product","link":"https:\/\/mabuko.co.mz\/site\/?product=os-cinco-pilares-da-pide","title":{"rendered":"OS CINCO PILARES DA PIDE"},"content":{"rendered":"<p>Irene Flunser Pimentel<\/p>\n<p>9789896268633<\/p>\n","protected":false},"excerpt":{"rendered":"<p><strong>SINOPSE<\/strong><\/p>\n<p>A prestigiada historiadora Irene Flunser Pimentel apresenta-nos um retrato rigoroso de cinco das principais figuras que marcaram a PIDE\/DGS pelas suas actividades, atitudes e tomadas de decis\u00e3o: Barbieri Cardoso, \u00c1lvaro Pereira de Carvalho, Jos\u00e9 Barreto Sacchetti, Casimiro Monteiro e Ant\u00f3nio Rosa Casaco.<\/p>\n","protected":false},"featured_media":8027,"template":"","meta":{"_monsterinsights_skip_tracking":false,"_monsterinsights_sitenote_active":false,"_monsterinsights_sitenote_note":"","_monsterinsights_sitenote_category":0},"product_cat":[102],"product_tag":[],"class_list":{"0":"post-8026","1":"product","2":"type-product","3":"status-publish","4":"has-post-thumbnail","6":"product_cat-livros-tecnicos","7":"pa_book-author-irene-flunser-pimentel","9":"first","10":"outofstock","11":"shipping-taxable","12":"purchasable","13":"product-type-simple"},"_links":{"self":[{"href":"https:\/\/mabuko.co.mz\/site\/index.php?rest_route=\/wp\/v2\/product\/8026","targetHints":{"allow":["GET"]}}],"collection":[{"href":"https:\/\/mabuko.co.mz\/site\/index.php?rest_route=\/wp\/v2\/product"}],"about":[{"href":"https:\/\/mabuko.co.mz\/site\/index.php?rest_route=\/wp\/v2\/types\/product"}],"wp:featuredmedia":[{"embeddable":true,"href":"https:\/\/mabuko.co.mz\/site\/index.php?rest_route=\/wp\/v2\/media\/8027"}],"wp:attachment":[{"href":"https:\/\/mabuko.co.mz\/site\/index.php?rest_route=%2Fwp%2Fv2%2Fmedia&parent=8026"}],"wp:term":[{"taxonomy":"product_cat","embeddable":true,"href":"https:\/\/mabuko.co.mz\/site\/index.php?rest_route=%2Fwp%2Fv2%2Fproduct_cat&post=8026"},{"taxonomy":"product_tag","embeddable":true,"href":"https:\/\/mabuko.co.mz\/site\/index.php?rest_route=%2Fwp%2Fv2%2Fproduct_tag&post=8026"}],"curies":[{"name":"wp","href":"https:\/\/api.w.org\/{rel}","templated":true}]}}