{"id":8024,"date":"2022-12-05T09:09:25","date_gmt":"2022-12-05T09:09:25","guid":{"rendered":"https:\/\/mabuko.co.mz\/?post_type=product&#038;p=8024"},"modified":"2023-01-13T09:38:17","modified_gmt":"2023-01-13T09:38:17","slug":"a-sombra-dos-herois","status":"publish","type":"product","link":"https:\/\/mabuko.co.mz\/site\/?product=a-sombra-dos-herois","title":{"rendered":"A SOMBRA DOS HER\u00d3IS"},"content":{"rendered":"<p>Jos\u00e9 Manuel Barata-Feyo<\/p>\n<p>9789897244575<\/p>\n","protected":false},"excerpt":{"rendered":"<p><strong>SINOPSE<\/strong><\/p>\n<p>Em Portugal, at\u00e9 hoje, pouco se sabe sobre os portugueses v\u00edtimas dos nazis em Fran\u00e7a. Mas se assim \u00e9 em rela\u00e7\u00e3o \u00e0s v\u00edtimas, a ignor\u00e2ncia \u00e9 absoluta no que respeita \u00e0s centenas de homens e mulheres que combateram os nazis durante a ocupa\u00e7\u00e3o do pa\u00eds.<\/p>\n<p>Cidad\u00e3os de um pa\u00eds neutro, centenas de portugueses podiam ter-se adaptado \u00e0s circunst\u00e2ncias e ao diktat do invasor alem\u00e3o. Em vez disso deixaram o conforto relativo das suas fam\u00edlias, das suas casas e dos seus empregos, esqueceram o interesse pr\u00f3prio e lan\u00e7aram-se num combate desigual pela liberdade.<\/p>\n<p><i>A Sombra dos Her\u00f3is<\/i>\u00a0d\u00e1 vida \u00e0 hist\u00f3ria desconhecida destas centenas de homens e mulheres de carne e osso, lutadores de exce\u00e7\u00e3o, num relato fascinante sobre a resist\u00eancia e abnega\u00e7\u00e3o humanas.<\/p>\n","protected":false},"featured_media":8025,"template":"","meta":{"_monsterinsights_skip_tracking":false,"_monsterinsights_sitenote_active":false,"_monsterinsights_sitenote_note":"","_monsterinsights_sitenote_category":0},"product_cat":[102],"product_tag":[],"class_list":{"0":"post-8024","1":"product","2":"type-product","3":"status-publish","4":"has-post-thumbnail","6":"product_cat-livros-tecnicos","7":"pa_book-author-jose-manuel-barata-feyo","9":"first","10":"outofstock","11":"shipping-taxable","12":"purchasable","13":"product-type-simple"},"_links":{"self":[{"href":"https:\/\/mabuko.co.mz\/site\/index.php?rest_route=\/wp\/v2\/product\/8024","targetHints":{"allow":["GET"]}}],"collection":[{"href":"https:\/\/mabuko.co.mz\/site\/index.php?rest_route=\/wp\/v2\/product"}],"about":[{"href":"https:\/\/mabuko.co.mz\/site\/index.php?rest_route=\/wp\/v2\/types\/product"}],"wp:featuredmedia":[{"embeddable":true,"href":"https:\/\/mabuko.co.mz\/site\/index.php?rest_route=\/wp\/v2\/media\/8025"}],"wp:attachment":[{"href":"https:\/\/mabuko.co.mz\/site\/index.php?rest_route=%2Fwp%2Fv2%2Fmedia&parent=8024"}],"wp:term":[{"taxonomy":"product_cat","embeddable":true,"href":"https:\/\/mabuko.co.mz\/site\/index.php?rest_route=%2Fwp%2Fv2%2Fproduct_cat&post=8024"},{"taxonomy":"product_tag","embeddable":true,"href":"https:\/\/mabuko.co.mz\/site\/index.php?rest_route=%2Fwp%2Fv2%2Fproduct_tag&post=8024"}],"curies":[{"name":"wp","href":"https:\/\/api.w.org\/{rel}","templated":true}]}}