{"id":8022,"date":"2022-12-05T08:55:33","date_gmt":"2022-12-05T08:55:33","guid":{"rendered":"https:\/\/mabuko.co.mz\/?post_type=product&#038;p=8022"},"modified":"2023-01-13T09:38:57","modified_gmt":"2023-01-13T09:38:57","slug":"almoco-de-domingo","status":"publish","type":"product","link":"https:\/\/mabuko.co.mz\/site\/?product=almoco-de-domingo","title":{"rendered":"ALMO\u00c7O DE DOMINGO"},"content":{"rendered":"<p>Jos\u00e9 Lu\u00eds Peixoto<\/p>\n<p>9789897224607<\/p>\n","protected":false},"excerpt":{"rendered":"<p><strong>SINOPSE<\/strong><\/p>\n<p>Um romance, uma biografia, uma leitura de Portugal e das v\u00e1rias gera\u00e7\u00f5es portuguesas entre 1931 e 2021. Tudo olhado a partir de uma geografia e de uma fam\u00edlia.<br \/>\nCom este novo romance de Jos\u00e9 Lu\u00eds Peixoto acompanhamos, entre 1931 e 2021, a biografia de um homem famoso que o leitor h\u00e1 de identificar \u2014 em paralelo com hist\u00f3ria do pa\u00eds durante esses anos. No Alentejo da raia, o contrabando \u00e9 a resist\u00eancia perante a pobreza, tal como \u00e9 a met\u00e1fora das m\u00faltiplas e imprecisas fronteiras que rodeiam a exist\u00eancia e a literatura. Atrav\u00e9s dessa entrada, chega-se muito longe, sem nunca esquecer as origens. Num percurso de v\u00e1rias gera\u00e7\u00f5es, tocado pela Guerra Civil de Espanha, pelo 25 de abril, por figuras como Marcelo Caetano ou M\u00e1rio Soares e Felipe Gonz\u00e1lez, este \u00e9 tamb\u00e9m um romance sobre a idade, sobre a vida contra a morte, sobre o amor profundo e ancestral de uma fam\u00edlia reunida, em torno do patriarca, no seu almo\u00e7o de domingo.<\/p>\n","protected":false},"featured_media":8023,"template":"","meta":{"_monsterinsights_skip_tracking":false,"_monsterinsights_sitenote_active":false,"_monsterinsights_sitenote_note":"","_monsterinsights_sitenote_category":0},"product_cat":[105],"product_tag":[],"class_list":{"0":"post-8022","1":"product","2":"type-product","3":"status-publish","4":"has-post-thumbnail","6":"product_cat-romance","7":"pa_book-author-jose-luis-peixoto","9":"first","10":"outofstock","11":"shipping-taxable","12":"purchasable","13":"product-type-simple"},"_links":{"self":[{"href":"https:\/\/mabuko.co.mz\/site\/index.php?rest_route=\/wp\/v2\/product\/8022","targetHints":{"allow":["GET"]}}],"collection":[{"href":"https:\/\/mabuko.co.mz\/site\/index.php?rest_route=\/wp\/v2\/product"}],"about":[{"href":"https:\/\/mabuko.co.mz\/site\/index.php?rest_route=\/wp\/v2\/types\/product"}],"wp:featuredmedia":[{"embeddable":true,"href":"https:\/\/mabuko.co.mz\/site\/index.php?rest_route=\/wp\/v2\/media\/8023"}],"wp:attachment":[{"href":"https:\/\/mabuko.co.mz\/site\/index.php?rest_route=%2Fwp%2Fv2%2Fmedia&parent=8022"}],"wp:term":[{"taxonomy":"product_cat","embeddable":true,"href":"https:\/\/mabuko.co.mz\/site\/index.php?rest_route=%2Fwp%2Fv2%2Fproduct_cat&post=8022"},{"taxonomy":"product_tag","embeddable":true,"href":"https:\/\/mabuko.co.mz\/site\/index.php?rest_route=%2Fwp%2Fv2%2Fproduct_tag&post=8022"}],"curies":[{"name":"wp","href":"https:\/\/api.w.org\/{rel}","templated":true}]}}