{"id":8020,"date":"2022-12-05T08:49:06","date_gmt":"2022-12-05T08:49:06","guid":{"rendered":"https:\/\/mabuko.co.mz\/?post_type=product&#038;p=8020"},"modified":"2023-01-13T09:39:47","modified_gmt":"2023-01-13T09:39:47","slug":"nome-de-codigo-verity","status":"publish","type":"product","link":"https:\/\/mabuko.co.mz\/site\/?product=nome-de-codigo-verity","title":{"rendered":"NOME DE C\u00d3DIGO: VERITY"},"content":{"rendered":"<p>Elizabeth Wein<\/p>\n<p>9789898917126<\/p>\n","protected":false},"excerpt":{"rendered":"<p><strong>SINOPSE<br \/>\n<\/strong><\/p>\n<p>Uma miss\u00e3o falhada<\/p>\n<p>No dia 11 de outubro de 1943, em plena Segunda Guerra Mundial, um avi\u00e3o espi\u00e3o brit\u00e2nico despenha-se em territ\u00f3rio franc\u00eas ocupado pelos nazis. A bordo, numa miss\u00e3o ultrassecreta, seguem duas jovens amigas: Maddie, a piloto, e Verity, a passageira.<\/p>\n<p>Nas m\u00e3os do inimigo<\/p>\n<p>Apesar de sobreviver ao acidente, Verity \u00e9 capturada pela Gestapo. Para uma agente secreta, ser aprisionada em territ\u00f3rio inimigo \u00e9 o pior dos pesadelos. Os interrogadores nazis d\u00e3o-lhe uma escolha dif\u00edcil: revelar o objetivo da sua miss\u00e3o, em troca de dias de vida, ou enfrentar um destino terr\u00edvel.<\/p>\n<p>Trai\u00e7\u00e3o ou salva\u00e7\u00e3o?<\/p>\n<p>Enquanto escreve a sua confiss\u00e3o, Verity vai revelando o seu passado, numa hist\u00f3ria emotiva, cruel e redentora. Cada nova p\u00e1gina representa mais tempo de vida para si, mas tamb\u00e9m mais segredos entregues ao inimigo. Resta saber se essa confiss\u00e3o ser\u00e1 o suficiente para salv\u00e1-la e se conseguir\u00e1 concluir com sucesso uma miss\u00e3o aparentemente condenada ao fracasso.<\/p>\n","protected":false},"featured_media":8021,"template":"","meta":{"_monsterinsights_skip_tracking":false,"_monsterinsights_sitenote_active":false,"_monsterinsights_sitenote_note":"","_monsterinsights_sitenote_category":0},"product_cat":[105],"product_tag":[],"class_list":{"0":"post-8020","1":"product","2":"type-product","3":"status-publish","4":"has-post-thumbnail","6":"product_cat-romance","7":"pa_book-author-elizabeth-wein","9":"first","10":"outofstock","11":"shipping-taxable","12":"purchasable","13":"product-type-simple"},"_links":{"self":[{"href":"https:\/\/mabuko.co.mz\/site\/index.php?rest_route=\/wp\/v2\/product\/8020","targetHints":{"allow":["GET"]}}],"collection":[{"href":"https:\/\/mabuko.co.mz\/site\/index.php?rest_route=\/wp\/v2\/product"}],"about":[{"href":"https:\/\/mabuko.co.mz\/site\/index.php?rest_route=\/wp\/v2\/types\/product"}],"wp:featuredmedia":[{"embeddable":true,"href":"https:\/\/mabuko.co.mz\/site\/index.php?rest_route=\/wp\/v2\/media\/8021"}],"wp:attachment":[{"href":"https:\/\/mabuko.co.mz\/site\/index.php?rest_route=%2Fwp%2Fv2%2Fmedia&parent=8020"}],"wp:term":[{"taxonomy":"product_cat","embeddable":true,"href":"https:\/\/mabuko.co.mz\/site\/index.php?rest_route=%2Fwp%2Fv2%2Fproduct_cat&post=8020"},{"taxonomy":"product_tag","embeddable":true,"href":"https:\/\/mabuko.co.mz\/site\/index.php?rest_route=%2Fwp%2Fv2%2Fproduct_tag&post=8020"}],"curies":[{"name":"wp","href":"https:\/\/api.w.org\/{rel}","templated":true}]}}