{"id":8015,"date":"2022-12-05T08:21:08","date_gmt":"2022-12-05T08:21:08","guid":{"rendered":"https:\/\/mabuko.co.mz\/?post_type=product&#038;p=8015"},"modified":"2023-01-13T09:40:44","modified_gmt":"2023-01-13T09:40:44","slug":"as-cinco-batalhas-livro-3","status":"publish","type":"product","link":"https:\/\/mabuko.co.mz\/site\/?product=as-cinco-batalhas-livro-3","title":{"rendered":"AS CINCO BATALHAS Livro 3"},"content":{"rendered":"<p>Lian Hearn<\/p>\n<p>9722332406<\/p>\n","protected":false},"excerpt":{"rendered":"<p><strong>SINOPSE<\/strong><\/p>\n<p>O mundo que Lian Hearn criou em &#8220;A Saga dos Otori&#8221;, um Jap\u00e3o medieval imagin\u00e1rio, valeu-lhe &#8211; pela beleza depurada da escrita e dos cen\u00e1rios evocados, pela for\u00e7a impetuosa da narrativa, pelo fasc\u00ednio das suas personagens &#8211; o prestigiado Pr\u00e9mio Peter Pan 2004. \u00c9 a distin\u00e7\u00e3o liter\u00e1ria sueca para escritores estrangeiros e foi atribu\u00edda ao primeiro volume desta trilogia &#8211; &#8220;A Tribo dos M\u00e1gicos&#8221;. No momento em que nos aproximamos das p\u00e1ginas finais desta obra, somos invadidos pelo anseio de conhecer os destinos dos protagonistas, mas tamb\u00e9m pela nostalgia de nos despedirmos definitivamente do seu conv\u00edvio. Sendo o mais intenso dos tr\u00eas livros, &#8220;As Cinco Batalhas&#8221; faz-nos penetrar mais profundamente neste universo de uma beleza tumultuada, enredado nas complexas teias de intrigas, trai\u00e7\u00f5es e lealdades, de \u00f3dios insanos e amores abissais, de for\u00e7as ocultas e mist\u00e9rios insond\u00e1veis, de batalhas sangrentas e vingan\u00e7as h\u00e1 muito desejadas. Takeo e Kaede lutam por cumprir as miss\u00f5es a que se sentem destinados, mas todos, ou quase todos, parecem conspirar contra eles. Poder\u00e3o os dois jovens ter esperan\u00e7a num tempo futuro de prosperidade e amor? O que mais desejam \u00e9 poder ouvir o som melodioso e raro do houou, o p\u00e1ssaro sagrado da lenda, ecoando, livre, nos c\u00e9us dos Tr\u00eas Pa\u00edses finalmente apaziguados. Po\u00e9tico e profundo, o reino dos Otori re\u00fane um portentoso misto de ecos liter\u00e1rios &#8211; do drama shakespeareano, \u00e0 lenda arturiana e \u00e0 magia das hist\u00f3rias de samurais &#8211; que o torna absolutamente inesquec\u00edvel.<\/p>\n","protected":false},"featured_media":8016,"template":"","meta":{"_monsterinsights_skip_tracking":false,"_monsterinsights_sitenote_active":false,"_monsterinsights_sitenote_note":"","_monsterinsights_sitenote_category":0},"product_cat":[135],"product_tag":[],"class_list":{"0":"post-8015","1":"product","2":"type-product","3":"status-publish","4":"has-post-thumbnail","6":"product_cat-infantil","7":"pa_book-author-lian-hearn","9":"first","10":"outofstock","11":"shipping-taxable","12":"purchasable","13":"product-type-simple"},"_links":{"self":[{"href":"https:\/\/mabuko.co.mz\/site\/index.php?rest_route=\/wp\/v2\/product\/8015","targetHints":{"allow":["GET"]}}],"collection":[{"href":"https:\/\/mabuko.co.mz\/site\/index.php?rest_route=\/wp\/v2\/product"}],"about":[{"href":"https:\/\/mabuko.co.mz\/site\/index.php?rest_route=\/wp\/v2\/types\/product"}],"wp:featuredmedia":[{"embeddable":true,"href":"https:\/\/mabuko.co.mz\/site\/index.php?rest_route=\/wp\/v2\/media\/8016"}],"wp:attachment":[{"href":"https:\/\/mabuko.co.mz\/site\/index.php?rest_route=%2Fwp%2Fv2%2Fmedia&parent=8015"}],"wp:term":[{"taxonomy":"product_cat","embeddable":true,"href":"https:\/\/mabuko.co.mz\/site\/index.php?rest_route=%2Fwp%2Fv2%2Fproduct_cat&post=8015"},{"taxonomy":"product_tag","embeddable":true,"href":"https:\/\/mabuko.co.mz\/site\/index.php?rest_route=%2Fwp%2Fv2%2Fproduct_tag&post=8015"}],"curies":[{"name":"wp","href":"https:\/\/api.w.org\/{rel}","templated":true}]}}