{"id":8012,"date":"2022-12-05T08:06:23","date_gmt":"2022-12-05T08:06:23","guid":{"rendered":"https:\/\/mabuko.co.mz\/?post_type=product&#038;p=8012"},"modified":"2023-01-13T09:41:11","modified_gmt":"2023-01-13T09:41:11","slug":"o-desafio-do-guerreiro","status":"publish","type":"product","link":"https:\/\/mabuko.co.mz\/site\/?product=o-desafio-do-guerreiro","title":{"rendered":"O DESAFIO DO GUERREIRO"},"content":{"rendered":"<p>Lian Hearn<\/p>\n<p>9789722331319<\/p>\n","protected":false},"excerpt":{"rendered":"<p><strong>SINOPSE<\/strong><\/p>\n<p>Sucedendo-se ao primeiro volume desta trilogia intitulado &#8220;A Tribo dos M\u00e1gicos&#8221;, &#8220;O Desafio do Guerreiro&#8221; \u00e9 um bestseller internacional, traduzido em mais de 30 l\u00ednguas e agraciado com o\u00a0<em>New York Times Notable Book of the Year<\/em>. Foi ainda considerado pelo jornal\u00a0<em>Times<\/em>\u00a0como \u00abo romance mais envolvente publicado em 2002\u00bb. Numa narrativa vibrante transporta-nos ao Jap\u00e3o onde reencontramos o jovem Takeo que vive um terr\u00edvel conflito interior entre for\u00e7as que se digladiam e que t\u00eam a ver com a honra, o dever e o amor. Por um lado, \u00e9 agora por direito o herdeiro do poderoso cl\u00e2 dos Otori; por outro, deve lealdade \u00e0 Tribo e sabe que tra\u00ed-la lhe custar\u00e1 a vida. Mas continuar com ela significa colocar os seus dons ao servi\u00e7o da crueldade e da injusti\u00e7a e a ren\u00fancia ao amor por Kaede. Conseguir\u00e1 a Tribo afastar Takeo do seu destino? E Kaede, como poder\u00e1 desposar outro homem depois de ter conhecido uma noite de amor nos bra\u00e7os de Takeo? Uma excepcional epopeia pelo reino da fantasia.<\/p>\n","protected":false},"featured_media":8014,"template":"","meta":{"_monsterinsights_skip_tracking":false,"_monsterinsights_sitenote_active":false,"_monsterinsights_sitenote_note":"","_monsterinsights_sitenote_category":0},"product_cat":[135],"product_tag":[],"class_list":{"0":"post-8012","1":"product","2":"type-product","3":"status-publish","4":"has-post-thumbnail","6":"product_cat-infantil","7":"pa_book-author-lian-hearn","9":"first","10":"outofstock","11":"shipping-taxable","12":"purchasable","13":"product-type-simple"},"_links":{"self":[{"href":"https:\/\/mabuko.co.mz\/site\/index.php?rest_route=\/wp\/v2\/product\/8012","targetHints":{"allow":["GET"]}}],"collection":[{"href":"https:\/\/mabuko.co.mz\/site\/index.php?rest_route=\/wp\/v2\/product"}],"about":[{"href":"https:\/\/mabuko.co.mz\/site\/index.php?rest_route=\/wp\/v2\/types\/product"}],"wp:featuredmedia":[{"embeddable":true,"href":"https:\/\/mabuko.co.mz\/site\/index.php?rest_route=\/wp\/v2\/media\/8014"}],"wp:attachment":[{"href":"https:\/\/mabuko.co.mz\/site\/index.php?rest_route=%2Fwp%2Fv2%2Fmedia&parent=8012"}],"wp:term":[{"taxonomy":"product_cat","embeddable":true,"href":"https:\/\/mabuko.co.mz\/site\/index.php?rest_route=%2Fwp%2Fv2%2Fproduct_cat&post=8012"},{"taxonomy":"product_tag","embeddable":true,"href":"https:\/\/mabuko.co.mz\/site\/index.php?rest_route=%2Fwp%2Fv2%2Fproduct_tag&post=8012"}],"curies":[{"name":"wp","href":"https:\/\/api.w.org\/{rel}","templated":true}]}}