{"id":8007,"date":"2022-12-05T07:33:59","date_gmt":"2022-12-05T07:33:59","guid":{"rendered":"https:\/\/mabuko.co.mz\/?post_type=product&#038;p=8007"},"modified":"2023-01-13T09:42:10","modified_gmt":"2023-01-13T09:42:10","slug":"a-caixa-dos-perigos","status":"publish","type":"product","link":"https:\/\/mabuko.co.mz\/site\/?product=a-caixa-dos-perigos","title":{"rendered":"A CAIXA DOS PERIGOS"},"content":{"rendered":"<p>Blue Balliett<\/p>\n<p>9789722346542<\/p>\n","protected":false},"excerpt":{"rendered":"<p><strong>SINOPSE<\/strong><\/p>\n<p>Abandonado pelo pai quando era beb\u00e9, \u00e0 porta de casa dos av\u00f3s, Zoomy cresceu feliz numa pacata cidade do Michigan, apesar de padecer de uma doen\u00e7a que o deixa quase cego e de n\u00e3o ter muitos amigos. Um dia, quando o pai reaparece intempestivamente, traz uma misteriosa caixa, talvez roubada, para que a guardem, nessa caixa, est\u00e1 um caderno de apontamentos muito antigo e valioso que Zoomy vai tentar decifrar, embarcando numa aventura que o conduzir\u00e1 a in\u00fameras descobertas, Hist\u00f3ria, ci\u00eancia e segredos confluem neste livro em que um rapaz com uma forma muito pr\u00f3pria de ver o mundo se torna parte de um plano que est\u00e1 prestes a mudar a sua vida.<\/p>\n","protected":false},"featured_media":8009,"template":"","meta":{"_monsterinsights_skip_tracking":false,"_monsterinsights_sitenote_active":false,"_monsterinsights_sitenote_note":"","_monsterinsights_sitenote_category":0},"product_cat":[135],"product_tag":[],"class_list":{"0":"post-8007","1":"product","2":"type-product","3":"status-publish","4":"has-post-thumbnail","6":"product_cat-infantil","7":"pa_book-author-blue-balliett","9":"first","10":"outofstock","11":"shipping-taxable","12":"purchasable","13":"product-type-simple"},"_links":{"self":[{"href":"https:\/\/mabuko.co.mz\/site\/index.php?rest_route=\/wp\/v2\/product\/8007","targetHints":{"allow":["GET"]}}],"collection":[{"href":"https:\/\/mabuko.co.mz\/site\/index.php?rest_route=\/wp\/v2\/product"}],"about":[{"href":"https:\/\/mabuko.co.mz\/site\/index.php?rest_route=\/wp\/v2\/types\/product"}],"wp:featuredmedia":[{"embeddable":true,"href":"https:\/\/mabuko.co.mz\/site\/index.php?rest_route=\/wp\/v2\/media\/8009"}],"wp:attachment":[{"href":"https:\/\/mabuko.co.mz\/site\/index.php?rest_route=%2Fwp%2Fv2%2Fmedia&parent=8007"}],"wp:term":[{"taxonomy":"product_cat","embeddable":true,"href":"https:\/\/mabuko.co.mz\/site\/index.php?rest_route=%2Fwp%2Fv2%2Fproduct_cat&post=8007"},{"taxonomy":"product_tag","embeddable":true,"href":"https:\/\/mabuko.co.mz\/site\/index.php?rest_route=%2Fwp%2Fv2%2Fproduct_tag&post=8007"}],"curies":[{"name":"wp","href":"https:\/\/api.w.org\/{rel}","templated":true}]}}