{"id":7992,"date":"2022-11-30T14:00:47","date_gmt":"2022-11-30T14:00:47","guid":{"rendered":"https:\/\/mabuko.co.mz\/?post_type=product&#038;p=7992"},"modified":"2023-01-13T09:42:38","modified_gmt":"2023-01-13T09:42:38","slug":"as-coisas-mais-delicadas","status":"publish","type":"product","link":"https:\/\/mabuko.co.mz\/site\/?product=as-coisas-mais-delicadas","title":{"rendered":"AS COISAS MAIS DELICADAS"},"content":{"rendered":"<p>Matthew Quick<\/p>\n<p>9789722364386<\/p>\n","protected":false},"excerpt":{"rendered":"<p><strong>SINOPSE<\/strong><\/p>\n<p>Aos 18 anos, Nanette O\u2019Hare \u00e9 a t\u00edpica rapariga bem-comportada. Por\u00e9m, ela nunca sentiu realmente fazer parte de um grupo, sufocando num permanente desconforto com diversas atitudes das amigas e com os padr\u00f5es sociais estabelecidos. Mas tudo muda quando, no \u00faltimo ano do col\u00e9gio, ela recebe um livro do seu professor preferido, o cl\u00e1ssico o Ceifador da Pastilha El\u00e1stica.<\/p>\n<p>Nesse momento, Nanette fica fascinada com a mensagem de que ela pode ser de facto quem \u00e9. Nanette torna-se amiga do recluso autor e apaixona-se por Alex, um jovem poeta que tamb\u00e9m \u00e9 f\u00e3 do livro. Encantada com este novo mundo que se abre, ela vai, pela primeira vez, tomar as suas pr\u00f3prias decis\u00f5es.<\/p>\n<p>No entanto, aos poucos Nanette percebe que a liberdade pode ser um desejo arriscado e come\u00e7a a questionar se a rebeldia n\u00e3o tem um pre\u00e7o demasiado elevado.<\/p>\n","protected":false},"featured_media":7993,"template":"","meta":{"_monsterinsights_skip_tracking":false,"_monsterinsights_sitenote_active":false,"_monsterinsights_sitenote_note":"","_monsterinsights_sitenote_category":0},"product_cat":[103],"product_tag":[],"class_list":{"0":"post-7992","1":"product","2":"type-product","3":"status-publish","4":"has-post-thumbnail","6":"product_cat-literatura","7":"pa_book-author-matthew-quick","9":"first","10":"outofstock","11":"shipping-taxable","12":"purchasable","13":"product-type-simple"},"_links":{"self":[{"href":"https:\/\/mabuko.co.mz\/site\/index.php?rest_route=\/wp\/v2\/product\/7992","targetHints":{"allow":["GET"]}}],"collection":[{"href":"https:\/\/mabuko.co.mz\/site\/index.php?rest_route=\/wp\/v2\/product"}],"about":[{"href":"https:\/\/mabuko.co.mz\/site\/index.php?rest_route=\/wp\/v2\/types\/product"}],"wp:featuredmedia":[{"embeddable":true,"href":"https:\/\/mabuko.co.mz\/site\/index.php?rest_route=\/wp\/v2\/media\/7993"}],"wp:attachment":[{"href":"https:\/\/mabuko.co.mz\/site\/index.php?rest_route=%2Fwp%2Fv2%2Fmedia&parent=7992"}],"wp:term":[{"taxonomy":"product_cat","embeddable":true,"href":"https:\/\/mabuko.co.mz\/site\/index.php?rest_route=%2Fwp%2Fv2%2Fproduct_cat&post=7992"},{"taxonomy":"product_tag","embeddable":true,"href":"https:\/\/mabuko.co.mz\/site\/index.php?rest_route=%2Fwp%2Fv2%2Fproduct_tag&post=7992"}],"curies":[{"name":"wp","href":"https:\/\/api.w.org\/{rel}","templated":true}]}}