{"id":7990,"date":"2022-11-30T13:53:30","date_gmt":"2022-11-30T13:53:30","guid":{"rendered":"https:\/\/mabuko.co.mz\/?post_type=product&#038;p=7990"},"modified":"2023-01-13T09:43:19","modified_gmt":"2023-01-13T09:43:19","slug":"momento-final","status":"publish","type":"product","link":"https:\/\/mabuko.co.mz\/site\/?product=momento-final","title":{"rendered":"MOMENTO FINAL"},"content":{"rendered":"<p>Robert Bryndza<\/p>\n<p>9789899054622<\/p>\n","protected":false},"excerpt":{"rendered":"<p><strong>SINOPSE<\/strong><\/p>\n<p>A investiga\u00e7\u00e3o de Kate Marshall sobre o desaparecimento de uma jornalista h\u00e1 quase treze anos leva-a por um caminho inesperadamente retorcido, num thriller genial e intenso.<br \/>\nKate Marshall e o seu parceiro, Tristan Harper, entram no terreno quando s\u00e3o contratados para investigar um caso arquivado, decorrido h\u00e1 mais de uma d\u00e9cada. Uma jovem jornalista chamada Joanna Duncan desapareceu depois de denunciar um caso cujo esc\u00e2ndalo pol\u00edtico teve grandes repercuss\u00f5es. O mist\u00e9rio nunca foi resolvido e ela nunca foi encontrada. A maior parte das pessoas seguiu em frente. Exceto a m\u00e3e de Joanna.<\/p>\n<p>Quando conseguem aceder aos arquivos originais do processo, Kate e Tristan come\u00e7am a seguir as pistas deixadas pela investiga\u00e7\u00e3o anterior. Mas, ao contr\u00e1rio dos que lhes antecederam, descobrem entre os pertences de Joanna os nomes de mais dois outros jovens que desapareceram sem deixar rasto.<br \/>\nEnquanto tentam reconstituir os \u00faltimos dias destas tr\u00eas pessoas desaparecidas, Kate e Tristan percebem que talvez Joanna tenha descoberto algo ainda mais sinistro do que um esc\u00e2ndalo pol\u00edtico: a identidade de um assassino em s\u00e9rie que se move \u00e0 vista de todos sem nunca ser apanhado.<\/p>\n","protected":false},"featured_media":7991,"template":"","meta":{"_monsterinsights_skip_tracking":false,"_monsterinsights_sitenote_active":false,"_monsterinsights_sitenote_note":"","_monsterinsights_sitenote_category":0},"product_cat":[103],"product_tag":[],"class_list":{"0":"post-7990","1":"product","2":"type-product","3":"status-publish","4":"has-post-thumbnail","6":"product_cat-literatura","7":"pa_book-author-robert-bryndza","9":"first","10":"outofstock","11":"shipping-taxable","12":"purchasable","13":"product-type-simple"},"_links":{"self":[{"href":"https:\/\/mabuko.co.mz\/site\/index.php?rest_route=\/wp\/v2\/product\/7990","targetHints":{"allow":["GET"]}}],"collection":[{"href":"https:\/\/mabuko.co.mz\/site\/index.php?rest_route=\/wp\/v2\/product"}],"about":[{"href":"https:\/\/mabuko.co.mz\/site\/index.php?rest_route=\/wp\/v2\/types\/product"}],"wp:featuredmedia":[{"embeddable":true,"href":"https:\/\/mabuko.co.mz\/site\/index.php?rest_route=\/wp\/v2\/media\/7991"}],"wp:attachment":[{"href":"https:\/\/mabuko.co.mz\/site\/index.php?rest_route=%2Fwp%2Fv2%2Fmedia&parent=7990"}],"wp:term":[{"taxonomy":"product_cat","embeddable":true,"href":"https:\/\/mabuko.co.mz\/site\/index.php?rest_route=%2Fwp%2Fv2%2Fproduct_cat&post=7990"},{"taxonomy":"product_tag","embeddable":true,"href":"https:\/\/mabuko.co.mz\/site\/index.php?rest_route=%2Fwp%2Fv2%2Fproduct_tag&post=7990"}],"curies":[{"name":"wp","href":"https:\/\/api.w.org\/{rel}","templated":true}]}}