{"id":7988,"date":"2022-11-30T13:46:07","date_gmt":"2022-11-30T13:46:07","guid":{"rendered":"https:\/\/mabuko.co.mz\/?post_type=product&#038;p=7988"},"modified":"2023-01-13T09:43:45","modified_gmt":"2023-01-13T09:43:45","slug":"o-jogos-da-fome-livro-ii-em-chamas","status":"publish","type":"product","link":"https:\/\/mabuko.co.mz\/site\/?product=o-jogos-da-fome-livro-ii-em-chamas","title":{"rendered":"O JOGOS DA FOME. Livro II EM CHAMAS"},"content":{"rendered":"<p>Suzanne Collins<\/p>\n<p>9789722344425<\/p>\n","protected":false},"excerpt":{"rendered":"<p><strong>SINOPSE<\/strong><\/p>\n<p>Depois de no primeiro volume Katniss se oferecer para substituir a irm\u00e3 mais nova nos Jogos da Fome, que t\u00eam como lema \u00abmatar ou morrer\u00bb, contra todas as expectativas, n\u00e3o s\u00f3 Katniss Everdeen venceu os Jogos da Fome, como pela primeira vez na hist\u00f3ria desta competi\u00e7\u00e3o dois tributos conseguiram sair da arena com vida. Os dois jovens Katniss e Peeta tornaram-se agora os rostos de uma rebeli\u00e3o que nunca esteve nos seus planos. E o Capit\u00f3lio n\u00e3o olhar\u00e1 a meios para se vingar\u2026 Um ritmo constante de adrenalina numa obra que promete tornar-se uma das leituras mais viciantes do ano.<\/p>\n","protected":false},"featured_media":7989,"template":"","meta":{"_monsterinsights_skip_tracking":false,"_monsterinsights_sitenote_active":false,"_monsterinsights_sitenote_note":"","_monsterinsights_sitenote_category":0},"product_cat":[135],"product_tag":[],"class_list":{"0":"post-7988","1":"product","2":"type-product","3":"status-publish","4":"has-post-thumbnail","6":"product_cat-infantil","7":"pa_book-author-suzanne-collins","9":"first","10":"outofstock","11":"shipping-taxable","12":"purchasable","13":"product-type-simple"},"_links":{"self":[{"href":"https:\/\/mabuko.co.mz\/site\/index.php?rest_route=\/wp\/v2\/product\/7988","targetHints":{"allow":["GET"]}}],"collection":[{"href":"https:\/\/mabuko.co.mz\/site\/index.php?rest_route=\/wp\/v2\/product"}],"about":[{"href":"https:\/\/mabuko.co.mz\/site\/index.php?rest_route=\/wp\/v2\/types\/product"}],"wp:featuredmedia":[{"embeddable":true,"href":"https:\/\/mabuko.co.mz\/site\/index.php?rest_route=\/wp\/v2\/media\/7989"}],"wp:attachment":[{"href":"https:\/\/mabuko.co.mz\/site\/index.php?rest_route=%2Fwp%2Fv2%2Fmedia&parent=7988"}],"wp:term":[{"taxonomy":"product_cat","embeddable":true,"href":"https:\/\/mabuko.co.mz\/site\/index.php?rest_route=%2Fwp%2Fv2%2Fproduct_cat&post=7988"},{"taxonomy":"product_tag","embeddable":true,"href":"https:\/\/mabuko.co.mz\/site\/index.php?rest_route=%2Fwp%2Fv2%2Fproduct_tag&post=7988"}],"curies":[{"name":"wp","href":"https:\/\/api.w.org\/{rel}","templated":true}]}}