{"id":7981,"date":"2022-11-30T13:26:36","date_gmt":"2022-11-30T13:26:36","guid":{"rendered":"https:\/\/mabuko.co.mz\/?post_type=product&#038;p=7981"},"modified":"2023-01-13T09:14:09","modified_gmt":"2023-01-13T09:14:09","slug":"tempo-fora-do-tempo","status":"publish","type":"product","link":"https:\/\/mabuko.co.mz\/site\/?product=tempo-fora-do-tempo","title":{"rendered":"TEMPO FORA DO TEMPO"},"content":{"rendered":"<p>Sherrilyn Kenyon<\/p>\n<p>9789897103308<\/p>\n","protected":false},"excerpt":{"rendered":"<p><strong>SINOPSE<\/strong><\/p>\n<p>O tempo fora do tempo est\u00e1 a chegar\u2026 Kateri Avani tem sido atormentada durante toda a vida por sonhos que n\u00e3o compreende. Imagens de locais onde nunca esteve e de um homem que nunca viu, que tanto luta ao seu lado como a apunhala at\u00e9 \u00e0 morte.<\/p>\n<p>A sua busca por respostas leva-a a Las Vegas, onde espera finalmente silenciar os dem\u00f3nios na sua mente. O que ela n\u00e3o esperava era ficar frente a frente com o guerreiro que a assombrou e que pertence a um mundo que a cientista em si se recusa a acreditar que \u00e9 real.<\/p>\n<p>Ren Waya voltou dos mortos para desafiar a profecia a que deu in\u00edcio h\u00e1 milhares de anos. O mal contra o qual sempre lutou est\u00e1 de regresso e persegue a \u00fanica pessoa que Ren n\u00e3o pode combater. A \u00fanica pessoa que, contra a sua vontade, pode evitar que o mundo acabe.<\/p>\n<p>Ren j\u00e1 se sacrificou uma vez. Estar\u00e1 ele disposto a faz\u00ea-lo novamente?<\/p>\n","protected":false},"featured_media":7982,"template":"","meta":{"_monsterinsights_skip_tracking":false,"_monsterinsights_sitenote_active":false,"_monsterinsights_sitenote_note":"","_monsterinsights_sitenote_category":0},"product_cat":[105],"product_tag":[],"class_list":{"0":"post-7981","1":"product","2":"type-product","3":"status-publish","4":"has-post-thumbnail","6":"product_cat-romance","7":"pa_book-author-sherrilyn-kenyon","9":"first","10":"outofstock","11":"shipping-taxable","12":"purchasable","13":"product-type-simple"},"_links":{"self":[{"href":"https:\/\/mabuko.co.mz\/site\/index.php?rest_route=\/wp\/v2\/product\/7981","targetHints":{"allow":["GET"]}}],"collection":[{"href":"https:\/\/mabuko.co.mz\/site\/index.php?rest_route=\/wp\/v2\/product"}],"about":[{"href":"https:\/\/mabuko.co.mz\/site\/index.php?rest_route=\/wp\/v2\/types\/product"}],"wp:featuredmedia":[{"embeddable":true,"href":"https:\/\/mabuko.co.mz\/site\/index.php?rest_route=\/wp\/v2\/media\/7982"}],"wp:attachment":[{"href":"https:\/\/mabuko.co.mz\/site\/index.php?rest_route=%2Fwp%2Fv2%2Fmedia&parent=7981"}],"wp:term":[{"taxonomy":"product_cat","embeddable":true,"href":"https:\/\/mabuko.co.mz\/site\/index.php?rest_route=%2Fwp%2Fv2%2Fproduct_cat&post=7981"},{"taxonomy":"product_tag","embeddable":true,"href":"https:\/\/mabuko.co.mz\/site\/index.php?rest_route=%2Fwp%2Fv2%2Fproduct_tag&post=7981"}],"curies":[{"name":"wp","href":"https:\/\/api.w.org\/{rel}","templated":true}]}}