{"id":7979,"date":"2022-11-30T13:16:30","date_gmt":"2022-11-30T13:16:30","guid":{"rendered":"https:\/\/mabuko.co.mz\/?post_type=product&#038;p=7979"},"modified":"2023-01-13T09:14:44","modified_gmt":"2023-01-13T09:14:44","slug":"o-guardiao","status":"publish","type":"product","link":"https:\/\/mabuko.co.mz\/site\/?product=o-guardiao","title":{"rendered":"O GUARDI\u00c3O"},"content":{"rendered":"<p>Sherrilyn Kenyon<\/p>\n<p>9789897103193<\/p>\n","protected":false},"excerpt":{"rendered":"<p><strong>SINOPSE<\/strong><\/p>\n<p>A rainha do romance paranormal regressa ao mundo dos sonhos.<\/p>\n<p>A Ca\u00e7adora de Sonhos Lydia tem a mais perigosa das miss\u00f5es: descer at\u00e9 ao reino inferior e encontrar o deus dos sonhos que desapareceu, antes que ele revele os segredos que podem p\u00f4r em perigo a sua esp\u00e9cie. Mas ela n\u00e3o esperava ser feita prisioneira pelo guardi\u00e3o mais cruel do reino\u2026 O tempo de Seth est\u00e1 a esgotar-se. Se ele n\u00e3o descobrir a entrada para o Olimpo, a sua vida e a do seu povo estar\u00e1 perdida. Seth n\u00e3o consegue vergar o deus que tem prisioneiro, mas quando surge uma salvadora, ele decide tentar uma nova t\u00e1tica.<\/p>\n<p>Quando estas duas vontades f\u00e9rreas se encontram, uma delas tem de ceder. Mas Lydia n\u00e3o guarda apenas os port\u00f5es do Olimpo \u2014 ela protege um dos poderes mais obscuros do mundo. Se ela falhar, uma maldi\u00e7\u00e3o antiga vai voltar a assombrar a Terra e ningu\u00e9m estar\u00e1 a salvo. Mas o mal \u00e9 sempre sedutor\u2026<\/p>\n","protected":false},"featured_media":7980,"template":"","meta":{"_monsterinsights_skip_tracking":false,"_monsterinsights_sitenote_active":false,"_monsterinsights_sitenote_note":"","_monsterinsights_sitenote_category":0},"product_cat":[105],"product_tag":[],"class_list":{"0":"post-7979","1":"product","2":"type-product","3":"status-publish","4":"has-post-thumbnail","6":"product_cat-romance","7":"pa_book-author-sherrilyn-kenyon","9":"first","10":"outofstock","11":"shipping-taxable","12":"purchasable","13":"product-type-simple"},"_links":{"self":[{"href":"https:\/\/mabuko.co.mz\/site\/index.php?rest_route=\/wp\/v2\/product\/7979","targetHints":{"allow":["GET"]}}],"collection":[{"href":"https:\/\/mabuko.co.mz\/site\/index.php?rest_route=\/wp\/v2\/product"}],"about":[{"href":"https:\/\/mabuko.co.mz\/site\/index.php?rest_route=\/wp\/v2\/types\/product"}],"wp:featuredmedia":[{"embeddable":true,"href":"https:\/\/mabuko.co.mz\/site\/index.php?rest_route=\/wp\/v2\/media\/7980"}],"wp:attachment":[{"href":"https:\/\/mabuko.co.mz\/site\/index.php?rest_route=%2Fwp%2Fv2%2Fmedia&parent=7979"}],"wp:term":[{"taxonomy":"product_cat","embeddable":true,"href":"https:\/\/mabuko.co.mz\/site\/index.php?rest_route=%2Fwp%2Fv2%2Fproduct_cat&post=7979"},{"taxonomy":"product_tag","embeddable":true,"href":"https:\/\/mabuko.co.mz\/site\/index.php?rest_route=%2Fwp%2Fv2%2Fproduct_tag&post=7979"}],"curies":[{"name":"wp","href":"https:\/\/api.w.org\/{rel}","templated":true}]}}