{"id":7958,"date":"2022-11-30T08:46:34","date_gmt":"2022-11-30T08:46:34","guid":{"rendered":"https:\/\/mabuko.co.mz\/?post_type=product&#038;p=7958"},"modified":"2023-01-13T09:15:31","modified_gmt":"2023-01-13T09:15:31","slug":"juntos-e-melhor-uma-pequena-historia-inspiradora","status":"publish","type":"product","link":"https:\/\/mabuko.co.mz\/site\/?product=juntos-e-melhor-uma-pequena-historia-inspiradora","title":{"rendered":"JUNTOS \u00c9 MELHOR Uma Pequena Hist\u00f3ria Inspiradora"},"content":{"rendered":"<p>Simon Sinek<\/p>\n<p>9789892352473<\/p>\n","protected":false},"excerpt":{"rendered":"<p><strong>SINOPSE<\/strong><\/p>\n<p>A vida \u00e9 feita de escolhas. Esquerda ou direita? Comprar ou vender? Investir ou poupar? Por vezes escolhemos bem, outras vezes escolhemos mal. H\u00e1, no entanto, uma escolha que determina de forma profunda o modo como vivemos: queremos fazer a caminhada sozinhos ou acompanhados? Simon Sinek, o autor de Primeiro Pergunte Porqu\u00ea conta-nos neste livro a aventura de tr\u00eas amigos que v\u00e3o \u00e0 procura de um novo parque de jogos. A hist\u00f3ria \u00e9 uma met\u00e1fora para todos os que querem de vida ou est\u00e3o a perseguir um novo sonho pessoal ou profissional. E a mensagem \u00e9 simples: as rela\u00e7\u00f5es &#8211; reais e humanas &#8211; s\u00e3o realmente importantes. Quanto mais fortes forem os la\u00e7os de coopera\u00e7\u00e3o e confian\u00e7a, mais prazer teremos em fazer o nosso trabalho (e melhor o faremos).<\/p>\n<p>Recheado de cita\u00e7\u00f5es e ilustra\u00e7\u00f5es verdadeiramente motivadoras, Juntos \u00e9 Melhor foi um livro pensado para ser oferecido a algu\u00e9m que queiramos inspirar &#8211; ou que nos tenha inspirado. \u00c9 completamente diferente de todos as obras anteriores do autor. E embora possa parecer um livro para crian\u00e7as, \u00e9 definitivamente uma f\u00e1bula para adultos<\/p>\n","protected":false},"featured_media":7959,"template":"","meta":{"_monsterinsights_skip_tracking":false,"_monsterinsights_sitenote_active":false,"_monsterinsights_sitenote_note":"","_monsterinsights_sitenote_category":0},"product_cat":[102],"product_tag":[],"class_list":{"0":"post-7958","1":"product","2":"type-product","3":"status-publish","4":"has-post-thumbnail","6":"product_cat-livros-tecnicos","7":"pa_book-author-simon-sinek","9":"first","10":"outofstock","11":"shipping-taxable","12":"purchasable","13":"product-type-simple"},"_links":{"self":[{"href":"https:\/\/mabuko.co.mz\/site\/index.php?rest_route=\/wp\/v2\/product\/7958","targetHints":{"allow":["GET"]}}],"collection":[{"href":"https:\/\/mabuko.co.mz\/site\/index.php?rest_route=\/wp\/v2\/product"}],"about":[{"href":"https:\/\/mabuko.co.mz\/site\/index.php?rest_route=\/wp\/v2\/types\/product"}],"wp:featuredmedia":[{"embeddable":true,"href":"https:\/\/mabuko.co.mz\/site\/index.php?rest_route=\/wp\/v2\/media\/7959"}],"wp:attachment":[{"href":"https:\/\/mabuko.co.mz\/site\/index.php?rest_route=%2Fwp%2Fv2%2Fmedia&parent=7958"}],"wp:term":[{"taxonomy":"product_cat","embeddable":true,"href":"https:\/\/mabuko.co.mz\/site\/index.php?rest_route=%2Fwp%2Fv2%2Fproduct_cat&post=7958"},{"taxonomy":"product_tag","embeddable":true,"href":"https:\/\/mabuko.co.mz\/site\/index.php?rest_route=%2Fwp%2Fv2%2Fproduct_tag&post=7958"}],"curies":[{"name":"wp","href":"https:\/\/api.w.org\/{rel}","templated":true}]}}