{"id":7954,"date":"2022-11-30T08:23:51","date_gmt":"2022-11-30T08:23:51","guid":{"rendered":"https:\/\/mabuko.co.mz\/?post_type=product&#038;p=7954"},"modified":"2023-01-13T09:16:44","modified_gmt":"2023-01-13T09:16:44","slug":"oksa-pollock-a-inesperada","status":"publish","type":"product","link":"https:\/\/mabuko.co.mz\/site\/?product=oksa-pollock-a-inesperada","title":{"rendered":"OKSA POLLOCK &#8211; A INESPERADA"},"content":{"rendered":"<p><strong>\u00a0<\/strong>Cendrine Wolf<strong>\u00a0<\/strong><\/p>\n<p>Anne Plichota<\/p>\n<p>9789722351669<\/p>\n","protected":false},"excerpt":{"rendered":"<p><strong>SINOPSE<\/strong><\/p>\n<div class=\"collapse-container\">\n<div id=\"synopsis-toggle-collapse\" class=\"content right collapse in\" aria-expanded=\"true\">Com treze anos de idade, Oksa Pollock descobre que tem poderes especiais. Quando conta \u00e0 av\u00f3 o que se est\u00e1 a passar, \u00e9-lhe revelado o segredo das origens da sua fam\u00edlia e a incr\u00edvel miss\u00e3o que, apesar da sua pouca idade, lhe est\u00e1 destinada! A fam\u00edlia Pollock vem de Ed\u00e9fia, um mundo invis\u00edvel e m\u00e1gico, oculto algures no planeta Terra, que foi palco de um violento combate. Parte dos habitantes veio viver entre os humanos, incluindo Ocious, que \u00e9 extremamente ambicioso e deseja tonar-se o senhor de Ed\u00e9fia e do resto do mundo. E \u00e9 sobre os jovens ombros de Oksa que recai agora a responsabilidade de salvar o seu povo. Ela \u00e9 a sua \u00faltima esperan\u00e7a&#8230;<\/div>\n<\/div>\n<div id=\"details-container\">\n<div class=\"collapse-container\">Com treze anos de idade, Oksa Pollock descobre que tem poderes especiais. Quando conta \u00e0 av\u00f3 o que se est\u00e1 a passar, \u00e9-lhe revelado o segredo das origens da sua fam\u00edlia e a incr\u00edvel miss\u00e3o que, apesar da sua pouca idade, lhe est\u00e1 destinada! A fam\u00edlia Pollock vem de Ed\u00e9fia, um mundo invis\u00edvel e m\u00e1gico, oculto algures no planeta Terra, que foi palco de um violento combate. Parte dos habitantes veio viver entre os humanos, incluindo Ocious, que \u00e9 extremamente ambicioso e deseja tonar-se o senhor de Ed\u00e9fia e do resto do mundo. E \u00e9 sobre os jovens ombros de Oksa que recai agora a responsabilidade de salvar o seu povo. Ela \u00e9 a sua \u00faltima esperan\u00e7a&#8230;<\/div>\n<\/div>\n","protected":false},"featured_media":7955,"template":"","meta":{"_monsterinsights_skip_tracking":false,"_monsterinsights_sitenote_active":false,"_monsterinsights_sitenote_note":"","_monsterinsights_sitenote_category":0},"product_cat":[135],"product_tag":[],"class_list":{"0":"post-7954","1":"product","2":"type-product","3":"status-publish","4":"has-post-thumbnail","6":"product_cat-infantil","7":"pa_book-author-cendrine-wolf","9":"first","10":"outofstock","11":"shipping-taxable","12":"purchasable","13":"product-type-simple"},"_links":{"self":[{"href":"https:\/\/mabuko.co.mz\/site\/index.php?rest_route=\/wp\/v2\/product\/7954","targetHints":{"allow":["GET"]}}],"collection":[{"href":"https:\/\/mabuko.co.mz\/site\/index.php?rest_route=\/wp\/v2\/product"}],"about":[{"href":"https:\/\/mabuko.co.mz\/site\/index.php?rest_route=\/wp\/v2\/types\/product"}],"wp:featuredmedia":[{"embeddable":true,"href":"https:\/\/mabuko.co.mz\/site\/index.php?rest_route=\/wp\/v2\/media\/7955"}],"wp:attachment":[{"href":"https:\/\/mabuko.co.mz\/site\/index.php?rest_route=%2Fwp%2Fv2%2Fmedia&parent=7954"}],"wp:term":[{"taxonomy":"product_cat","embeddable":true,"href":"https:\/\/mabuko.co.mz\/site\/index.php?rest_route=%2Fwp%2Fv2%2Fproduct_cat&post=7954"},{"taxonomy":"product_tag","embeddable":true,"href":"https:\/\/mabuko.co.mz\/site\/index.php?rest_route=%2Fwp%2Fv2%2Fproduct_tag&post=7954"}],"curies":[{"name":"wp","href":"https:\/\/api.w.org\/{rel}","templated":true}]}}