{"id":7952,"date":"2022-11-30T08:15:52","date_gmt":"2022-11-30T08:15:52","guid":{"rendered":"https:\/\/mabuko.co.mz\/?post_type=product&#038;p=7952"},"modified":"2023-01-13T09:17:25","modified_gmt":"2023-01-13T09:17:25","slug":"o-sonho-de-sooley","status":"publish","type":"product","link":"https:\/\/mabuko.co.mz\/site\/?product=o-sonho-de-sooley","title":{"rendered":"O SONHO DE SOOLEY"},"content":{"rendered":"<p>John Grisham<\/p>\n<p>9789722542630<\/p>\n","protected":false},"excerpt":{"rendered":"<p><strong>SINOPSE<\/strong><\/p>\n<p>Aos 17 anos, Samuel Sooleymon tem em m\u00e3os a oportunidade de uma vida: uma viagem aos Estados Unidos da Am\u00e9rica para participar num torneio de capta\u00e7\u00e3o de basquetebol com os seus colegas de equipa do Sud\u00e3o do Sul. A sua velocidade e um salto prodigioso fazem dele um atleta extraordin\u00e1rio, mas o seu jogo precisa de muito trabalhos e os treinadores n\u00e3o se deixam impressionar.<\/p>\n<p>Samuel recebe not\u00edcias devastadoras durante o torneio: a guerra civil irrompeu no Sud\u00e3o do Sul e tropas rebeldes pilharam a sua povoa\u00e7\u00e3o. O seu pai est\u00e1 morto, a sua irm\u00e3 desapareceu e a sua m\u00e3e e dois irm\u00e3os mais novos est\u00e3o agora num campo para refugiados. Samuel deseja desesperadamente regressar para junto da sua fam\u00edlia, mas tal n\u00e3o \u00e9 poss\u00edvel\u2026 Compassivo, um dos treinadores oferece-lhe uma bolsa. H\u00e1 muitos outros atletas mais maduros do que ele e a competi\u00e7\u00e3o \u00e9 feroz.<\/p>\n<p>No entanto, Samuel tem algo que escapa \u00e0 maioria: a determina\u00e7\u00e3o absoluta para ser bem-sucedido e poder resgatar a sua fam\u00edlia. Treina incansavelmente, \u00e9 o primeiro debaixo do cesto e no gin\u00e1sio logo que o dia amanhece, e n\u00e3o tarda a que a sua presen\u00e7a em campo seja dominadora. Com a sua equipa a enfrentar uma crise de resultados e de les\u00f5es, Sooley, como \u00e9 conhecido, \u00e9 chamado a mostrar o que vale. E come\u00e7a a lenda. Qu\u00e3o longe poder\u00e1 Sooley levar a sua equipa? E o seu sucesso permitir-lhe-\u00e1 salvar a fam\u00edlia?<\/p>\n","protected":false},"featured_media":7953,"template":"","meta":{"_monsterinsights_skip_tracking":false,"_monsterinsights_sitenote_active":false,"_monsterinsights_sitenote_note":"","_monsterinsights_sitenote_category":0},"product_cat":[105],"product_tag":[],"class_list":{"0":"post-7952","1":"product","2":"type-product","3":"status-publish","4":"has-post-thumbnail","6":"product_cat-romance","7":"pa_book-author-john-grisham","9":"first","10":"outofstock","11":"shipping-taxable","12":"purchasable","13":"product-type-simple"},"_links":{"self":[{"href":"https:\/\/mabuko.co.mz\/site\/index.php?rest_route=\/wp\/v2\/product\/7952","targetHints":{"allow":["GET"]}}],"collection":[{"href":"https:\/\/mabuko.co.mz\/site\/index.php?rest_route=\/wp\/v2\/product"}],"about":[{"href":"https:\/\/mabuko.co.mz\/site\/index.php?rest_route=\/wp\/v2\/types\/product"}],"wp:featuredmedia":[{"embeddable":true,"href":"https:\/\/mabuko.co.mz\/site\/index.php?rest_route=\/wp\/v2\/media\/7953"}],"wp:attachment":[{"href":"https:\/\/mabuko.co.mz\/site\/index.php?rest_route=%2Fwp%2Fv2%2Fmedia&parent=7952"}],"wp:term":[{"taxonomy":"product_cat","embeddable":true,"href":"https:\/\/mabuko.co.mz\/site\/index.php?rest_route=%2Fwp%2Fv2%2Fproduct_cat&post=7952"},{"taxonomy":"product_tag","embeddable":true,"href":"https:\/\/mabuko.co.mz\/site\/index.php?rest_route=%2Fwp%2Fv2%2Fproduct_tag&post=7952"}],"curies":[{"name":"wp","href":"https:\/\/api.w.org\/{rel}","templated":true}]}}