{"id":7948,"date":"2022-11-30T08:07:35","date_gmt":"2022-11-30T08:07:35","guid":{"rendered":"https:\/\/mabuko.co.mz\/?post_type=product&#038;p=7948"},"modified":"2023-01-13T09:18:34","modified_gmt":"2023-01-13T09:18:34","slug":"o-teorema-de-katherine","status":"publish","type":"product","link":"https:\/\/mabuko.co.mz\/site\/?product=o-teorema-de-katherine","title":{"rendered":"O TEOREMA DE KATHERINE"},"content":{"rendered":"<p>John Green<\/p>\n<p>9789892326337<\/p>\n","protected":false},"excerpt":{"rendered":"<p><strong>SINOPSE<\/strong><\/p>\n<p>Dezanove foram as vezes que Colin se apaixonou.<br \/>\nDas dezanove vezes a rapariga chamava-se Katherine.<br \/>\nN\u00e3o Katie ou Kat, Kittie ou Cathy, e especialmente n\u00e3o Catherine, mas KATHERINE.<br \/>\nE das dezanove vezes, levou com os p\u00e9s.<\/p>\n<p>Desde que tinha idade suficiente para se sentir atra\u00eddo por uma rapariga, Colin, ex-menino prod\u00edgio, talvez g\u00e9nio matem\u00e1tico, talvez n\u00e3o, doido por anagramas, saiu com dezanove Katherines. E todas o deixaram. Ent\u00e3o ele decide inventar um teorema que prev\u00ea o resultado de qualquer relacionamento amoroso. E evitar, se poss\u00edvel, ter o cora\u00e7\u00e3o novamente destro\u00e7ado. Tudo isso no curso de um ver\u00e3o glorioso passado com o seu amigo Hassan a descobrir novos lugares, pessoas estranhas de todas as idades e raparigas especiais que t\u00eam a grande vantagem de n\u00e3o se chamarem Katherine.<\/p>\n","protected":false},"featured_media":7949,"template":"","meta":{"_monsterinsights_skip_tracking":false,"_monsterinsights_sitenote_active":false,"_monsterinsights_sitenote_note":"","_monsterinsights_sitenote_category":0},"product_cat":[105],"product_tag":[],"class_list":{"0":"post-7948","1":"product","2":"type-product","3":"status-publish","4":"has-post-thumbnail","6":"product_cat-romance","7":"pa_book-author-john-green","9":"first","10":"outofstock","11":"shipping-taxable","12":"purchasable","13":"product-type-simple"},"_links":{"self":[{"href":"https:\/\/mabuko.co.mz\/site\/index.php?rest_route=\/wp\/v2\/product\/7948","targetHints":{"allow":["GET"]}}],"collection":[{"href":"https:\/\/mabuko.co.mz\/site\/index.php?rest_route=\/wp\/v2\/product"}],"about":[{"href":"https:\/\/mabuko.co.mz\/site\/index.php?rest_route=\/wp\/v2\/types\/product"}],"wp:featuredmedia":[{"embeddable":true,"href":"https:\/\/mabuko.co.mz\/site\/index.php?rest_route=\/wp\/v2\/media\/7949"}],"wp:attachment":[{"href":"https:\/\/mabuko.co.mz\/site\/index.php?rest_route=%2Fwp%2Fv2%2Fmedia&parent=7948"}],"wp:term":[{"taxonomy":"product_cat","embeddable":true,"href":"https:\/\/mabuko.co.mz\/site\/index.php?rest_route=%2Fwp%2Fv2%2Fproduct_cat&post=7948"},{"taxonomy":"product_tag","embeddable":true,"href":"https:\/\/mabuko.co.mz\/site\/index.php?rest_route=%2Fwp%2Fv2%2Fproduct_tag&post=7948"}],"curies":[{"name":"wp","href":"https:\/\/api.w.org\/{rel}","templated":true}]}}