{"id":7945,"date":"2022-11-30T08:03:01","date_gmt":"2022-11-30T08:03:01","guid":{"rendered":"https:\/\/mabuko.co.mz\/?post_type=product&#038;p=7945"},"modified":"2023-01-13T09:19:36","modified_gmt":"2023-01-13T09:19:36","slug":"diario-de-anne-frank-edicao-especial","status":"publish","type":"product","link":"https:\/\/mabuko.co.mz\/site\/?product=diario-de-anne-frank-edicao-especial","title":{"rendered":"DI\u00c1RIO DE ANNE FRANK Edi\u00e7\u00e3o especial"},"content":{"rendered":"<p>Anne Frank<\/p>\n<p>9789897111846<\/p>\n","protected":false},"excerpt":{"rendered":"<p><strong>SINOPSE<\/strong><\/p>\n<p align=\"justify\">&#8220;Edi\u00e7\u00e3o especial de comemora\u00e7\u00e3o dos 75 anos de publica\u00e7\u00e3o do di\u00e1rio Escrito entre 12 de junho de 1942 e 1 de agosto de 1944, O Di\u00e1rio de Anne Frank foi publicado pela primeira vez em 1947, por iniciativa de seu pai, revelando ao mundo o dia a dia de dois longos anos de uma adolescente for\u00e7ada a esconder-se, juntamente com a sua fam\u00edlia e um grupo de outros judeus, durante a ocupa\u00e7\u00e3o nazi da cidade de Amesterd\u00e3o. Todos os que se encontravam naquele pequeno anexo secreto acabaram por ser presos em agosto de 1944, e em mar\u00e7o de 1945 Anne Frank morreu no campo de concentra\u00e7\u00e3o de Bergen-Belsen, a escassos dois meses do final da guerra na Europa.<\/p>\n<p align=\"justify\">O seu di\u00e1rio tornar-se-ia um dos livros de n\u00e3o fic\u00e7\u00e3o mais lidos em todo o mundo, testemunho incompar\u00e1vel do terror da guerra e do fulgor do esp\u00edrito humano.&#8221;<\/p>\n","protected":false},"featured_media":7947,"template":"","meta":{"_monsterinsights_skip_tracking":false,"_monsterinsights_sitenote_active":false,"_monsterinsights_sitenote_note":"","_monsterinsights_sitenote_category":0},"product_cat":[105],"product_tag":[],"class_list":{"0":"post-7945","1":"product","2":"type-product","3":"status-publish","4":"has-post-thumbnail","6":"product_cat-romance","7":"pa_book-author-anne-frank","9":"first","10":"outofstock","11":"shipping-taxable","12":"purchasable","13":"product-type-simple"},"_links":{"self":[{"href":"https:\/\/mabuko.co.mz\/site\/index.php?rest_route=\/wp\/v2\/product\/7945","targetHints":{"allow":["GET"]}}],"collection":[{"href":"https:\/\/mabuko.co.mz\/site\/index.php?rest_route=\/wp\/v2\/product"}],"about":[{"href":"https:\/\/mabuko.co.mz\/site\/index.php?rest_route=\/wp\/v2\/types\/product"}],"wp:featuredmedia":[{"embeddable":true,"href":"https:\/\/mabuko.co.mz\/site\/index.php?rest_route=\/wp\/v2\/media\/7947"}],"wp:attachment":[{"href":"https:\/\/mabuko.co.mz\/site\/index.php?rest_route=%2Fwp%2Fv2%2Fmedia&parent=7945"}],"wp:term":[{"taxonomy":"product_cat","embeddable":true,"href":"https:\/\/mabuko.co.mz\/site\/index.php?rest_route=%2Fwp%2Fv2%2Fproduct_cat&post=7945"},{"taxonomy":"product_tag","embeddable":true,"href":"https:\/\/mabuko.co.mz\/site\/index.php?rest_route=%2Fwp%2Fv2%2Fproduct_tag&post=7945"}],"curies":[{"name":"wp","href":"https:\/\/api.w.org\/{rel}","templated":true}]}}