{"id":7942,"date":"2022-11-30T07:53:06","date_gmt":"2022-11-30T07:53:06","guid":{"rendered":"https:\/\/mabuko.co.mz\/?post_type=product&#038;p=7942"},"modified":"2023-03-02T10:22:41","modified_gmt":"2023-03-02T10:22:41","slug":"confesso","status":"publish","type":"product","link":"https:\/\/mabuko.co.mz\/site\/?product=confesso","title":{"rendered":"CONFESSO"},"content":{"rendered":"<p><a class=\"text-gray-700\" href=\"https:\/\/mabuko.co.mz\/book-author\/colleen-hoover\/\">Colleen Hoover<\/a><\/p>\n<p>9789898839503<\/p>\n","protected":false},"excerpt":{"rendered":"<p><strong>SINOPSE<\/strong><\/p>\n<p>Auburn Reed tem toda a sua vida planeada. N\u00e3o h\u00e1 espa\u00e7o para erros ou imprevistos. At\u00e9 que, um dia, entra num est\u00fadio de arte e conhece Owen Gentry, o enigm\u00e1tico artista dono do est\u00fadio. Auburn sente, de s\u00fabito, que algo muda dentro dela e decide deixar-se levar pelo cora\u00e7\u00e3o. Owen, contudo, guarda segredos que n\u00e3o quer ver revelados. As escolhas do seu passado n\u00e3o parecem permitir-lhe um futuro livre, e Auburn tem demasiado a perder se decidir lutar por ele. A \u00fanica forma de n\u00e3o p\u00f4r em risco tudo o que \u00e9 importante para si \u00e9 deixar Owen. Confessar \u00e9 tudo o que ele tem de fazer para salvar a rela\u00e7\u00e3o de ambos. Mas, neste caso, a confiss\u00e3o pode ser muito mais destrutiva do que o pr\u00f3prio pecado. Ser\u00e1 o amor capaz de sobreviver \u00e0 verdade? Confesso \u00e9 uma hist\u00f3ria de imenso amor e coragem, que nos faz acreditar em segundas oportunidades. Inclui 8 p\u00e1ginas a cores com as ilustra\u00e7\u00f5es dos quadros de Owen.<\/p>\n","protected":false},"featured_media":7944,"template":"","meta":{"_monsterinsights_skip_tracking":false,"_monsterinsights_sitenote_active":false,"_monsterinsights_sitenote_note":"","_monsterinsights_sitenote_category":0},"product_cat":[105],"product_tag":[],"class_list":{"0":"post-7942","1":"product","2":"type-product","3":"status-publish","4":"has-post-thumbnail","6":"product_cat-romance","7":"pa_book-author-colleen-hoover","9":"first","10":"outofstock","11":"shipping-taxable","12":"purchasable","13":"product-type-simple"},"_links":{"self":[{"href":"https:\/\/mabuko.co.mz\/site\/index.php?rest_route=\/wp\/v2\/product\/7942","targetHints":{"allow":["GET"]}}],"collection":[{"href":"https:\/\/mabuko.co.mz\/site\/index.php?rest_route=\/wp\/v2\/product"}],"about":[{"href":"https:\/\/mabuko.co.mz\/site\/index.php?rest_route=\/wp\/v2\/types\/product"}],"wp:featuredmedia":[{"embeddable":true,"href":"https:\/\/mabuko.co.mz\/site\/index.php?rest_route=\/wp\/v2\/media\/7944"}],"wp:attachment":[{"href":"https:\/\/mabuko.co.mz\/site\/index.php?rest_route=%2Fwp%2Fv2%2Fmedia&parent=7942"}],"wp:term":[{"taxonomy":"product_cat","embeddable":true,"href":"https:\/\/mabuko.co.mz\/site\/index.php?rest_route=%2Fwp%2Fv2%2Fproduct_cat&post=7942"},{"taxonomy":"product_tag","embeddable":true,"href":"https:\/\/mabuko.co.mz\/site\/index.php?rest_route=%2Fwp%2Fv2%2Fproduct_tag&post=7942"}],"curies":[{"name":"wp","href":"https:\/\/api.w.org\/{rel}","templated":true}]}}