{"id":7940,"date":"2022-11-30T07:44:09","date_gmt":"2022-11-30T07:44:09","guid":{"rendered":"https:\/\/mabuko.co.mz\/?post_type=product&#038;p=7940"},"modified":"2022-12-23T15:54:01","modified_gmt":"2022-12-23T15:54:01","slug":"um-caso-perdido-hopeless","status":"publish","type":"product","link":"https:\/\/mabuko.co.mz\/site\/?product=um-caso-perdido-hopeless","title":{"rendered":"UM CASO PERDIDO Hopeless"},"content":{"rendered":"<p>Colleen Hoover<\/p>\n<p>9789898626509<\/p>\n","protected":false},"excerpt":{"rendered":"<p><strong>SINOPSE<\/strong><\/p>\n<p>Preferia saber a verdade, ainda que isso fizesse de si um caso perdido, ou continuar a viver uma mentira?<br \/>\nQuando Sky conhece Dean Holder no liceu, um rapaz com uma reputa\u00e7\u00e3o t\u00e3o duvidosa quanto a dela, sente-se aterrorizada, mas tamb\u00e9m cativada. H\u00e1 algo naquela figura que lhe traz mem\u00f3rias do seu passado mais profundo e perturbador. Um passado que ela tentou por tudo enterrar dentro da sua mente.<br \/>\nAinda que Sky esteja determinada a afastar-se de Holder, a persegui\u00e7\u00e3o cerrada que ele lhe dedica, bem como o seu sorriso enigm\u00e1tico, fazem-na baixar as defesas, e a intensidade da rela\u00e7\u00e3o entre os dois cresce a cada dia. Mas o misterioso Holder tamb\u00e9m guarda os seus segredos, e, quando os revela a Sky, ela v\u00ea-se confrontada com uma verdade t\u00e3o terr\u00edvel que pode mud\u00e1-la para sempre. Ser\u00e1 Sky quem ela pensa que \u00e9? E ser\u00e1 que os dois conseguir\u00e3o sarar as suas feridas emocionais e encontrar um modo de viver e amar sem limites?<br \/>\n<i>Um Caso Perdido (Hopeless)<\/i>\u00a0\u00e9 um romance intenso que o ir\u00e1 comover e arrebatar, ao mesmo tempo que o far\u00e1 recordar o seu primeiro amor.<\/p>\n","protected":false},"featured_media":7941,"template":"","meta":{"_monsterinsights_skip_tracking":false,"_monsterinsights_sitenote_active":false,"_monsterinsights_sitenote_note":"","_monsterinsights_sitenote_category":0},"product_cat":[105],"product_tag":[],"class_list":{"0":"post-7940","1":"product","2":"type-product","3":"status-publish","4":"has-post-thumbnail","6":"product_cat-romance","7":"pa_book-author-colleen-hoover","9":"first","10":"outofstock","11":"shipping-taxable","12":"purchasable","13":"product-type-simple"},"_links":{"self":[{"href":"https:\/\/mabuko.co.mz\/site\/index.php?rest_route=\/wp\/v2\/product\/7940","targetHints":{"allow":["GET"]}}],"collection":[{"href":"https:\/\/mabuko.co.mz\/site\/index.php?rest_route=\/wp\/v2\/product"}],"about":[{"href":"https:\/\/mabuko.co.mz\/site\/index.php?rest_route=\/wp\/v2\/types\/product"}],"wp:featuredmedia":[{"embeddable":true,"href":"https:\/\/mabuko.co.mz\/site\/index.php?rest_route=\/wp\/v2\/media\/7941"}],"wp:attachment":[{"href":"https:\/\/mabuko.co.mz\/site\/index.php?rest_route=%2Fwp%2Fv2%2Fmedia&parent=7940"}],"wp:term":[{"taxonomy":"product_cat","embeddable":true,"href":"https:\/\/mabuko.co.mz\/site\/index.php?rest_route=%2Fwp%2Fv2%2Fproduct_cat&post=7940"},{"taxonomy":"product_tag","embeddable":true,"href":"https:\/\/mabuko.co.mz\/site\/index.php?rest_route=%2Fwp%2Fv2%2Fproduct_tag&post=7940"}],"curies":[{"name":"wp","href":"https:\/\/api.w.org\/{rel}","templated":true}]}}