{"id":7936,"date":"2022-11-30T07:31:39","date_gmt":"2022-11-30T07:31:39","guid":{"rendered":"https:\/\/mabuko.co.mz\/?post_type=product&#038;p=7936"},"modified":"2024-08-20T13:12:58","modified_gmt":"2024-08-20T13:12:58","slug":"a-ilusao-de-merit","status":"publish","type":"product","link":"https:\/\/mabuko.co.mz\/site\/?product=a-ilusao-de-merit","title":{"rendered":"A ILUS\u00c3O DE MERIT"},"content":{"rendered":"<p>Colleen Hoover<\/p>\n<p>9789898917690<\/p>\n","protected":false},"excerpt":{"rendered":"<p><strong>SINOPSE<\/strong><\/p>\n<p>\u00abNem todos os erros merecem ser punidos. Por vezes, merecem apenas perd\u00e3o.\u00bb<\/p>\n<p>Merit Voss tem uma vida pouco normal. Vive numa igreja reconvertida com uma fam\u00edlia disfuncional e pouco ortodoxa: a m\u00e3e, sobrevivente de cancro, ocupa um quarto na cave, o pai \u00e9 agora casado com a antiga enfermeira da m\u00e3e, o meio-irm\u00e3o mais novo n\u00e3o pode comer nem fazer nada que seja divertido e tanto o irm\u00e3o mais velho como a sua irm\u00e3 g\u00e9mea, Honor, s\u00e3o a imagem absurda da perfei\u00e7\u00e3o. E Merit sente que nunca ser\u00e1 assim.<\/p>\n<p>Merit coleciona trof\u00e9us que n\u00e3o ganhou e segredos de fam\u00edlia que \u00e9 obrigada a guardar. Numa visita a um antiqu\u00e1rio em busca do pr\u00f3ximo trof\u00e9u, Merit conhece Sagan, que logo a deixa completamente desarmada e com um novo brilho nos olhos &#8211; at\u00e9 ela perceber que ele \u00e9 inalcan\u00e7\u00e1vel.<\/p>\n<p>Cansada de se sentir invis\u00edvel, e cada vez mais mergulhada no abismo, Merit decide acabar com a ilus\u00e3o da fam\u00edlia perfeita e revelar a verdade h\u00e1 tanto tempo escondida. Mas n\u00e3o estar\u00e1 Merit tamb\u00e9m a esconder a verdade sobre si mesma?<\/p>\n","protected":false},"featured_media":7937,"template":"","meta":{"_monsterinsights_skip_tracking":false,"_monsterinsights_sitenote_active":false,"_monsterinsights_sitenote_note":"","_monsterinsights_sitenote_category":0},"product_cat":[105],"product_tag":[],"class_list":{"0":"post-7936","1":"product","2":"type-product","3":"status-publish","4":"has-post-thumbnail","6":"product_cat-romance","7":"pa_book-author-colleen-hoover","9":"first","10":"outofstock","11":"shipping-taxable","12":"purchasable","13":"product-type-simple"},"_links":{"self":[{"href":"https:\/\/mabuko.co.mz\/site\/index.php?rest_route=\/wp\/v2\/product\/7936","targetHints":{"allow":["GET"]}}],"collection":[{"href":"https:\/\/mabuko.co.mz\/site\/index.php?rest_route=\/wp\/v2\/product"}],"about":[{"href":"https:\/\/mabuko.co.mz\/site\/index.php?rest_route=\/wp\/v2\/types\/product"}],"wp:featuredmedia":[{"embeddable":true,"href":"https:\/\/mabuko.co.mz\/site\/index.php?rest_route=\/wp\/v2\/media\/7937"}],"wp:attachment":[{"href":"https:\/\/mabuko.co.mz\/site\/index.php?rest_route=%2Fwp%2Fv2%2Fmedia&parent=7936"}],"wp:term":[{"taxonomy":"product_cat","embeddable":true,"href":"https:\/\/mabuko.co.mz\/site\/index.php?rest_route=%2Fwp%2Fv2%2Fproduct_cat&post=7936"},{"taxonomy":"product_tag","embeddable":true,"href":"https:\/\/mabuko.co.mz\/site\/index.php?rest_route=%2Fwp%2Fv2%2Fproduct_tag&post=7936"}],"curies":[{"name":"wp","href":"https:\/\/api.w.org\/{rel}","templated":true}]}}