{"id":7934,"date":"2022-11-30T07:23:54","date_gmt":"2022-11-30T07:23:54","guid":{"rendered":"https:\/\/mabuko.co.mz\/?post_type=product&#038;p=7934"},"modified":"2022-12-23T15:50:22","modified_gmt":"2022-12-23T15:50:22","slug":"sempre-tu","status":"publish","type":"product","link":"https:\/\/mabuko.co.mz\/site\/?product=sempre-tu","title":{"rendered":"SEMPRE TU"},"content":{"rendered":"<p>Colleen Hoover<\/p>\n<p>9789896689704<\/p>\n","protected":false},"excerpt":{"rendered":"<p><b>SINOPSE<\/b><\/p>\n<div class=\"collapse-container\">\n<div id=\"synopsis-toggle-collapse\" class=\"content right collapse in\" aria-expanded=\"true\">\n<p>Morgan e a sua filha adolescente, Clara, parecem n\u00e3o ter nada em comum. Depois de ter engravidado e casado quando era muito jovem, Morgan viu-se obrigada a adiar os seus sonhos, e est\u00e1 determinada a n\u00e3o deixar que a filha cometa os mesmos erros. Clara n\u00e3o quer seguir os passos da m\u00e3e, que considera demasiado previs\u00edvel, e \u00e9 na sua tia Jenny que encontra uma confidente.<\/p>\n<p>Quando Chris, marido de Morgan e pai de Clara, sofre um tr\u00e1gico e inexplic\u00e1vel acidente, o equil\u00edbrio prec\u00e1rio entre m\u00e3e e filha \u00e9 quebrado e as consequ\u00eancias parecem alastrar-se \u00e0s pessoas que as rodeiam.<\/p>\n<p>Enquanto tentam reconstruir as suas vidas, Morgan encontra conforto num amigo do passado e Clara aproxima-se de Miller, uma companhia que a sua fam\u00edlia n\u00e3o aprova. \u00c0 medida que novos segredos e mal-entendidos surgem entre m\u00e3e e filha, ambas ter\u00e3o de lutar por uma reconcilia\u00e7\u00e3o, antes que as suas diferen\u00e7as e ressentimentos consigam afast\u00e1-las de modo irremedi\u00e1vel.<\/p>\n<\/div>\n<\/div>\n<div class=\"collapse-container\">Morgan e a sua filha adolescente, Clara, parecem n\u00e3o ter nada em comum. Depois de ter engravidado e casado quando era muito jovem, Morgan viu-se obrigada a adiar os seus sonhos, e est\u00e1 determinada a n\u00e3o deixar que a filha cometa os mesmos erros. Clara n\u00e3o quer seguir os passos da m\u00e3e, que considera demasiado previs\u00edvel, e \u00e9 na sua tia Jenny que encontra uma confidente.<\/div>\n<div>Quando Chris, marido de Morgan e pai de Clara, sofre um tr\u00e1gico e inexplic\u00e1vel acidente, o equil\u00edbrio prec\u00e1rio entre m\u00e3e e filha \u00e9 quebrado e as consequ\u00eancias parecem alastrar-se \u00e0s pessoas que as rodeiam.<\/div>\n<div>Enquanto tentam reconstruir as suas vidas, Morgan encontra conforto num amigo do passado e Clara aproxima-se de Miller, uma companhia que a sua fam\u00edlia n\u00e3o aprova. \u00c0 medida que novos segredos e mal-entendidos surgem entre m\u00e3e e filha, ambas ter\u00e3o de lutar por uma reconcilia\u00e7\u00e3o, antes que as suas diferen\u00e7as e ressentimentos consigam afast\u00e1-las de modo irremedi\u00e1vel.<\/div>\n","protected":false},"featured_media":7935,"template":"","meta":{"_monsterinsights_skip_tracking":false,"_monsterinsights_sitenote_active":false,"_monsterinsights_sitenote_note":"","_monsterinsights_sitenote_category":0},"product_cat":[105],"product_tag":[],"class_list":{"0":"post-7934","1":"product","2":"type-product","3":"status-publish","4":"has-post-thumbnail","6":"product_cat-romance","7":"pa_book-author-colleen-hoover","9":"first","10":"outofstock","11":"shipping-taxable","12":"purchasable","13":"product-type-simple"},"_links":{"self":[{"href":"https:\/\/mabuko.co.mz\/site\/index.php?rest_route=\/wp\/v2\/product\/7934","targetHints":{"allow":["GET"]}}],"collection":[{"href":"https:\/\/mabuko.co.mz\/site\/index.php?rest_route=\/wp\/v2\/product"}],"about":[{"href":"https:\/\/mabuko.co.mz\/site\/index.php?rest_route=\/wp\/v2\/types\/product"}],"wp:featuredmedia":[{"embeddable":true,"href":"https:\/\/mabuko.co.mz\/site\/index.php?rest_route=\/wp\/v2\/media\/7935"}],"wp:attachment":[{"href":"https:\/\/mabuko.co.mz\/site\/index.php?rest_route=%2Fwp%2Fv2%2Fmedia&parent=7934"}],"wp:term":[{"taxonomy":"product_cat","embeddable":true,"href":"https:\/\/mabuko.co.mz\/site\/index.php?rest_route=%2Fwp%2Fv2%2Fproduct_cat&post=7934"},{"taxonomy":"product_tag","embeddable":true,"href":"https:\/\/mabuko.co.mz\/site\/index.php?rest_route=%2Fwp%2Fv2%2Fproduct_tag&post=7934"}],"curies":[{"name":"wp","href":"https:\/\/api.w.org\/{rel}","templated":true}]}}