{"id":7930,"date":"2022-11-30T06:56:59","date_gmt":"2022-11-30T06:56:59","guid":{"rendered":"https:\/\/mabuko.co.mz\/?post_type=product&#038;p=7930"},"modified":"2023-01-13T09:20:25","modified_gmt":"2023-01-13T09:20:25","slug":"a-historia-secreta-do-vaticano","status":"publish","type":"product","link":"https:\/\/mabuko.co.mz\/site\/?product=a-historia-secreta-do-vaticano","title":{"rendered":"A HIST\u00d3RIA SECRETA DO VATICANO"},"content":{"rendered":"<p>Javier Garcia Blanco<\/p>\n<p>9789897691386<\/p>\n","protected":false},"excerpt":{"rendered":"<p><strong>SINOPSE<\/strong><\/p>\n<p>&#8220;Ocupar o trono de Pedro significava deter a potestade para coroar e depor reis e imperadores. E, do mesmo modo, os papas agiram durante muitos s\u00e9culos como monarcas terrenos e n\u00e3o como l\u00edderes espirituais. Os pont\u00edfices foram seduzidos pelos mesmos anseios de poder e entregaram-se aos mesmos apetites carnais que os seus pares laicos.&#8221;<\/p>\n<p>Pol\u00edtica, heresia, o fim dos Templ\u00e1rios. Lutas internas, golpes inesperados e massacres improv\u00e1veis. A hist\u00f3ria dos papas emana-se com a do mundo num livro pol\u00e9mico, resultado de uma s\u00f3lida investiga\u00e7\u00e3o hist\u00f3rica.<\/p>\n","protected":false},"featured_media":7931,"template":"","meta":{"_monsterinsights_skip_tracking":false,"_monsterinsights_sitenote_active":false,"_monsterinsights_sitenote_note":"","_monsterinsights_sitenote_category":0},"product_cat":[102],"product_tag":[],"class_list":{"0":"post-7930","1":"product","2":"type-product","3":"status-publish","4":"has-post-thumbnail","6":"product_cat-livros-tecnicos","7":"pa_book-author-javier-garcia-blanco","9":"first","10":"outofstock","11":"shipping-taxable","12":"purchasable","13":"product-type-simple"},"_links":{"self":[{"href":"https:\/\/mabuko.co.mz\/site\/index.php?rest_route=\/wp\/v2\/product\/7930","targetHints":{"allow":["GET"]}}],"collection":[{"href":"https:\/\/mabuko.co.mz\/site\/index.php?rest_route=\/wp\/v2\/product"}],"about":[{"href":"https:\/\/mabuko.co.mz\/site\/index.php?rest_route=\/wp\/v2\/types\/product"}],"wp:featuredmedia":[{"embeddable":true,"href":"https:\/\/mabuko.co.mz\/site\/index.php?rest_route=\/wp\/v2\/media\/7931"}],"wp:attachment":[{"href":"https:\/\/mabuko.co.mz\/site\/index.php?rest_route=%2Fwp%2Fv2%2Fmedia&parent=7930"}],"wp:term":[{"taxonomy":"product_cat","embeddable":true,"href":"https:\/\/mabuko.co.mz\/site\/index.php?rest_route=%2Fwp%2Fv2%2Fproduct_cat&post=7930"},{"taxonomy":"product_tag","embeddable":true,"href":"https:\/\/mabuko.co.mz\/site\/index.php?rest_route=%2Fwp%2Fv2%2Fproduct_tag&post=7930"}],"curies":[{"name":"wp","href":"https:\/\/api.w.org\/{rel}","templated":true}]}}