{"id":7922,"date":"2022-11-29T14:34:23","date_gmt":"2022-11-29T14:34:23","guid":{"rendered":"https:\/\/mabuko.co.mz\/?post_type=product&#038;p=7922"},"modified":"2023-01-13T09:22:03","modified_gmt":"2023-01-13T09:22:03","slug":"john-e-george-o-cao-que-mudou-a-minha-vida","status":"publish","type":"product","link":"https:\/\/mabuko.co.mz\/site\/?product=john-e-george-o-cao-que-mudou-a-minha-vida","title":{"rendered":"JOHN E GEORGE O c\u00e3o que mudou a minha vida"},"content":{"rendered":"<p>John Dolan<\/p>\n<p>9789722355308<\/p>\n","protected":false},"excerpt":{"rendered":"<p><strong>SINOPSE<\/strong><\/p>\n<p>Esta \u00e9 a incr\u00edvel hist\u00f3ria de vida de John Dolan, um famoso artista de rua londrino que deve a sua felicidade \u00e0 profunda amizade que o une a George, um bull terrier muito especial que o salvou de uma exist\u00eancia sem sentido e profundamente autodestrutiva.<br \/>\nDurante muitos anos, John conheceu um quotidiano duro e completamente desprovido de esperan\u00e7a, chegando mesmo a viver nas ruas como sem-abrigo, at\u00e9 ao dia em que lhe pediram para ficar com George. Este seria o ponto de viragem na sua vida.<br \/>\nJohn recuperou um talento h\u00e1 muito esquecido, o desenho, e \u00e9 hoje um dos artistas de rua mais conceituados de Londres.<\/p>\n","protected":false},"featured_media":7925,"template":"","meta":{"_monsterinsights_skip_tracking":false,"_monsterinsights_sitenote_active":false,"_monsterinsights_sitenote_note":"","_monsterinsights_sitenote_category":0},"product_cat":[103],"product_tag":[],"class_list":{"0":"post-7922","1":"product","2":"type-product","3":"status-publish","4":"has-post-thumbnail","6":"product_cat-literatura","7":"pa_book-author-john-dolan","9":"first","10":"outofstock","11":"shipping-taxable","12":"purchasable","13":"product-type-simple"},"_links":{"self":[{"href":"https:\/\/mabuko.co.mz\/site\/index.php?rest_route=\/wp\/v2\/product\/7922","targetHints":{"allow":["GET"]}}],"collection":[{"href":"https:\/\/mabuko.co.mz\/site\/index.php?rest_route=\/wp\/v2\/product"}],"about":[{"href":"https:\/\/mabuko.co.mz\/site\/index.php?rest_route=\/wp\/v2\/types\/product"}],"wp:featuredmedia":[{"embeddable":true,"href":"https:\/\/mabuko.co.mz\/site\/index.php?rest_route=\/wp\/v2\/media\/7925"}],"wp:attachment":[{"href":"https:\/\/mabuko.co.mz\/site\/index.php?rest_route=%2Fwp%2Fv2%2Fmedia&parent=7922"}],"wp:term":[{"taxonomy":"product_cat","embeddable":true,"href":"https:\/\/mabuko.co.mz\/site\/index.php?rest_route=%2Fwp%2Fv2%2Fproduct_cat&post=7922"},{"taxonomy":"product_tag","embeddable":true,"href":"https:\/\/mabuko.co.mz\/site\/index.php?rest_route=%2Fwp%2Fv2%2Fproduct_tag&post=7922"}],"curies":[{"name":"wp","href":"https:\/\/api.w.org\/{rel}","templated":true}]}}