{"id":7916,"date":"2022-11-29T14:03:41","date_gmt":"2022-11-29T14:03:41","guid":{"rendered":"https:\/\/mabuko.co.mz\/?post_type=product&#038;p=7916"},"modified":"2023-01-12T14:02:10","modified_gmt":"2023-01-12T14:02:10","slug":"jesus-de-nazare","status":"publish","type":"product","link":"https:\/\/mabuko.co.mz\/site\/?product=jesus-de-nazare","title":{"rendered":"JESUS DE NAZAR\u00c9"},"content":{"rendered":"<p>Joachim Gnilka<\/p>\n<p>9789722325530<\/p>\n","protected":false},"excerpt":{"rendered":"<p><strong>SINOPSE<\/strong><\/p>\n<p>Ainda que fazendo face \u00e0 escassez das fontes, Joachim Gnilka, um prestigiado professor da Universidade de Munique, tenta analisar ao longo desta obra a vida p\u00fablica, a mensagem e a hist\u00f3ria de Jesus. Atrav\u00e9s do estudo da situa\u00e7\u00e3o hist\u00f3rica, pol\u00edtica, religiosa e social da \u00e9poca, bem como dos Evangelhos, Gnilka oferece ao leitor uma biografia cred\u00edvel, l\u00facida e s\u00e9ria, que conta com a qualidade de tradu\u00e7\u00e3o de Teresa Toldy.<\/p>\n","protected":false},"featured_media":7917,"template":"","meta":{"_monsterinsights_skip_tracking":false,"_monsterinsights_sitenote_active":false,"_monsterinsights_sitenote_note":"","_monsterinsights_sitenote_category":0},"product_cat":[102],"product_tag":[],"class_list":{"0":"post-7916","1":"product","2":"type-product","3":"status-publish","4":"has-post-thumbnail","6":"product_cat-livros-tecnicos","7":"pa_book-author-joachim-gnilka","9":"first","10":"outofstock","11":"shipping-taxable","12":"purchasable","13":"product-type-simple"},"_links":{"self":[{"href":"https:\/\/mabuko.co.mz\/site\/index.php?rest_route=\/wp\/v2\/product\/7916","targetHints":{"allow":["GET"]}}],"collection":[{"href":"https:\/\/mabuko.co.mz\/site\/index.php?rest_route=\/wp\/v2\/product"}],"about":[{"href":"https:\/\/mabuko.co.mz\/site\/index.php?rest_route=\/wp\/v2\/types\/product"}],"wp:featuredmedia":[{"embeddable":true,"href":"https:\/\/mabuko.co.mz\/site\/index.php?rest_route=\/wp\/v2\/media\/7917"}],"wp:attachment":[{"href":"https:\/\/mabuko.co.mz\/site\/index.php?rest_route=%2Fwp%2Fv2%2Fmedia&parent=7916"}],"wp:term":[{"taxonomy":"product_cat","embeddable":true,"href":"https:\/\/mabuko.co.mz\/site\/index.php?rest_route=%2Fwp%2Fv2%2Fproduct_cat&post=7916"},{"taxonomy":"product_tag","embeddable":true,"href":"https:\/\/mabuko.co.mz\/site\/index.php?rest_route=%2Fwp%2Fv2%2Fproduct_tag&post=7916"}],"curies":[{"name":"wp","href":"https:\/\/api.w.org\/{rel}","templated":true}]}}