{"id":7911,"date":"2022-11-29T12:10:39","date_gmt":"2022-11-29T12:10:39","guid":{"rendered":"https:\/\/mabuko.co.mz\/?post_type=product&#038;p=7911"},"modified":"2023-01-12T14:04:15","modified_gmt":"2023-01-12T14:04:15","slug":"o-livro-de-aron","status":"publish","type":"product","link":"https:\/\/mabuko.co.mz\/site\/?product=o-livro-de-aron","title":{"rendered":"O LIVRO DE ARON"},"content":{"rendered":"<p>Jim Shepard<\/p>\n<p>9789722357753<\/p>\n","protected":false},"excerpt":{"rendered":"<p><strong>SINOPSE<\/strong><\/p>\n<p>Pela m\u00e3o do pequeno Aron, somos levados a conhecer a Pol\u00f3nia de 1939, onde ele e a fam\u00edlia vivem. Pouco tempo depois, enquanto judeus, s\u00e3o conduzidos ao gueto de Vars\u00f3via, onde a crueldade, a fome e a doen\u00e7a destroem as vidas de quem a\u00ed foi aprisionado. Por\u00e9m, Aron e um grupo de amigos conseguem ajudar as fam\u00edlias, esgueirando-se do gueto para fazer contrabando. Num relato comovente e intenso, Jim Shepard mostra-nos, atrav\u00e9s da voz de uma crian\u00e7a, como \u00e9 poss\u00edvel manter a dignidade humana nas condi\u00e7\u00f5es mais adversas.<\/p>\n","protected":false},"featured_media":7913,"template":"","meta":{"_monsterinsights_skip_tracking":false,"_monsterinsights_sitenote_active":false,"_monsterinsights_sitenote_note":"","_monsterinsights_sitenote_category":0},"product_cat":[105],"product_tag":[],"class_list":{"0":"post-7911","1":"product","2":"type-product","3":"status-publish","4":"has-post-thumbnail","6":"product_cat-romance","7":"pa_book-author-jim-shepard","9":"first","10":"outofstock","11":"shipping-taxable","12":"purchasable","13":"product-type-simple"},"_links":{"self":[{"href":"https:\/\/mabuko.co.mz\/site\/index.php?rest_route=\/wp\/v2\/product\/7911","targetHints":{"allow":["GET"]}}],"collection":[{"href":"https:\/\/mabuko.co.mz\/site\/index.php?rest_route=\/wp\/v2\/product"}],"about":[{"href":"https:\/\/mabuko.co.mz\/site\/index.php?rest_route=\/wp\/v2\/types\/product"}],"wp:featuredmedia":[{"embeddable":true,"href":"https:\/\/mabuko.co.mz\/site\/index.php?rest_route=\/wp\/v2\/media\/7913"}],"wp:attachment":[{"href":"https:\/\/mabuko.co.mz\/site\/index.php?rest_route=%2Fwp%2Fv2%2Fmedia&parent=7911"}],"wp:term":[{"taxonomy":"product_cat","embeddable":true,"href":"https:\/\/mabuko.co.mz\/site\/index.php?rest_route=%2Fwp%2Fv2%2Fproduct_cat&post=7911"},{"taxonomy":"product_tag","embeddable":true,"href":"https:\/\/mabuko.co.mz\/site\/index.php?rest_route=%2Fwp%2Fv2%2Fproduct_tag&post=7911"}],"curies":[{"name":"wp","href":"https:\/\/api.w.org\/{rel}","templated":true}]}}